{"id":95,"date":"2018-03-22T16:37:46","date_gmt":"2018-03-22T16:37:46","guid":{"rendered":"http:\/\/www.fckamenice.cz\/?page_id=95"},"modified":"2019-02-05T17:03:14","modified_gmt":"2019-02-05T17:03:14","slug":"kontak","status":"publish","type":"page","link":"https:\/\/www.fckamenice.cz\/index.php\/kontak\/","title":{"rendered":"Kontakt"},"content":{"rendered":"<p>P\u0159edseda klubu: Jakub Serdel<br \/>\nTel.: 734 551 104<a href=\"http:\/\/www.fckamenice.cz\"><img loading=\"lazy\" decoding=\"async\" class=\"wp-image-56 alignright\" style=\"font-size: 1rem;\" src=\"http:\/\/www.fckamenice.cz\/wp-content\/uploads\/2018\/02\/znak-261x300.jpg\" alt=\"\" width=\"61\" height=\"70\" \/><\/a><br \/>\nE-mail:\u00a0<a href=\"mailto:fckamenice@seznam.cz\" target=\"_blank\" rel=\"noopener\">fckamenice@seznam.cz<\/a><\/p>\n<p>Faktura\u010dn\u00ed adresa:<\/p>\n<p>FC Kamenice z.s.<br \/>\nI\u010cO 49864106<br \/>\n<span style=\"font-size: 1rem;\">Borsk\u00e1 5<br \/>\n<\/span>47123-Z\u00e1kupy<\/p>\n<p>Po\u0161tovn\u00ed adresa:<\/p>\n<p>FC Kamenice z.s.<br \/>\nKamenice 16<br \/>\n47123-Z\u00e1kupy<\/p>\n<p>&nbsp;<\/p>\n<p>Mapa s\u00a0vyzna\u010den\u00edm h\u0159i\u0161t\u011b<br \/>\n<a href=\"https:\/\/mapy.cz\/zakladni?x=14.6855966&amp;y=50.6916902&amp;z=18&amp;source=coor&amp;id=14.687002077698707%2C50.69191275314685&amp;q=kamenice%2C%20z%C3%A1kupy\" target=\"_blank\" rel=\"noopener\"><img loading=\"lazy\" decoding=\"async\" class=\"alignleft wp-image-665 size-full\" src=\"http:\/\/www.fckamenice.cz\/wp-content\/uploads\/2019\/02\/Fotbalisti-mapa-1.jpg\" alt=\"\" width=\"1230\" height=\"685\" srcset=\"https:\/\/www.fckamenice.cz\/wp-content\/uploads\/2019\/02\/Fotbalisti-mapa-1.jpg 1230w, https:\/\/www.fckamenice.cz\/wp-content\/uploads\/2019\/02\/Fotbalisti-mapa-1-300x167.jpg 300w, https:\/\/www.fckamenice.cz\/wp-content\/uploads\/2019\/02\/Fotbalisti-mapa-1-768x428.jpg 768w, https:\/\/www.fckamenice.cz\/wp-content\/uploads\/2019\/02\/Fotbalisti-mapa-1-1024x570.jpg 1024w, https:\/\/www.fckamenice.cz\/wp-content\/uploads\/2019\/02\/Fotbalisti-mapa-1-624x348.jpg 624w\" sizes=\"auto, (max-width: 1230px) 100vw, 1230px\" \/><\/a><br \/>\n<strong>50.6919128N, 14.6870019E<\/strong><br \/>\n<strong>Bod 50.6919128N, 14.6870019E<\/strong><\/p>\n","protected":false},"excerpt":{"rendered":"<p>P\u0159edseda klubu: Jakub Serdel Tel.: 734 551 104 E-mail:\u00a0fckamenice@seznam.cz Faktura\u010dn\u00ed adresa: FC Kamenice z.s. I\u010cO 49864106 Borsk\u00e1 5 47123-Z\u00e1kupy Po\u0161tovn\u00ed adresa: FC Kamenice z.s. Kamenice 16 47123-Z\u00e1kupy &nbsp; Mapa s\u00a0vyzna\u010den\u00edm h\u0159i\u0161t\u011b 50.6919128N, 14.6870019E Bod 50.6919128N, 14.6870019E<\/p>\n","protected":false},"author":1,"featured_media":0,"parent":0,"menu_order":0,"comment_status":"closed","ping_status":"closed","template":"","meta":{"footnotes":""},"class_list":["post-95","page","type-page","status-publish","hentry"],"_links":{"self":[{"href":"https:\/\/www.fckamenice.cz\/index.php\/wp-json\/wp\/v2\/pages\/95","targetHints":{"allow":["GET"]}}],"collection":[{"href":"https:\/\/www.fckamenice.cz\/index.php\/wp-json\/wp\/v2\/pages"}],"about":[{"href":"https:\/\/www.fckamenice.cz\/index.php\/wp-json\/wp\/v2\/types\/page"}],"author":[{"embeddable":true,"href":"https:\/\/www.fckamenice.cz\/index.php\/wp-json\/wp\/v2\/users\/1"}],"replies":[{"embeddable":true,"href":"https:\/\/www.fckamenice.cz\/index.php\/wp-json\/wp\/v2\/comments?post=95"}],"version-history":[{"count":13,"href":"https:\/\/www.fckamenice.cz\/index.php\/wp-json\/wp\/v2\/pages\/95\/revisions"}],"predecessor-version":[{"id":668,"href":"https:\/\/www.fckamenice.cz\/index.php\/wp-json\/wp\/v2\/pages\/95\/revisions\/668"}],"wp:attachment":[{"href":"https:\/\/www.fckamenice.cz\/index.php\/wp-json\/wp\/v2\/media?parent=95"}],"curies":[{"name":"wp","href":"https:\/\/api.w.org\/{rel}","templated":true}]}}