{"id":636,"date":"2019-02-03T07:37:47","date_gmt":"2019-02-03T07:37:47","guid":{"rendered":"http:\/\/www.fckamenice.cz\/?page_id=636"},"modified":"2019-06-18T18:00:03","modified_gmt":"2019-06-18T18:00:03","slug":"team","status":"publish","type":"page","link":"https:\/\/www.fckamenice.cz\/index.php\/galerie\/team\/","title":{"rendered":"Team"},"content":{"rendered":"<p><a href=\"http:\/\/www.fckamenice.cz\/wp-content\/uploads\/2019\/04\/Team-2019-jaro.jpg\" target=\"_blank\" rel=\"noopener\"><img loading=\"lazy\" decoding=\"async\" class=\"alignleft wp-image-853\" src=\"http:\/\/www.fckamenice.cz\/wp-content\/uploads\/2019\/04\/Team-2019-jaro.jpg\" alt=\"\" width=\"231\" height=\"175\" srcset=\"https:\/\/www.fckamenice.cz\/wp-content\/uploads\/2019\/04\/Team-2019-jaro.jpg 611w, https:\/\/www.fckamenice.cz\/wp-content\/uploads\/2019\/04\/Team-2019-jaro-300x226.jpg 300w\" sizes=\"auto, (max-width: 231px) 100vw, 231px\" \/><\/a><a href=\"http:\/\/www.fckamenice.cz\/wp-content\/uploads\/2019\/06\/IMG_4142.jpg\" target=\"_blank\" rel=\"noopener\"><img loading=\"lazy\" decoding=\"async\" class=\"alignleft wp-image-1025 \" src=\"http:\/\/www.fckamenice.cz\/wp-content\/uploads\/2019\/06\/IMG_4142.jpg\" alt=\"\" width=\"231\" height=\"154\" srcset=\"https:\/\/www.fckamenice.cz\/wp-content\/uploads\/2019\/06\/IMG_4142.jpg 5184w, https:\/\/www.fckamenice.cz\/wp-content\/uploads\/2019\/06\/IMG_4142-300x200.jpg 300w, https:\/\/www.fckamenice.cz\/wp-content\/uploads\/2019\/06\/IMG_4142-768x512.jpg 768w, https:\/\/www.fckamenice.cz\/wp-content\/uploads\/2019\/06\/IMG_4142-1024x683.jpg 1024w, https:\/\/www.fckamenice.cz\/wp-content\/uploads\/2019\/06\/IMG_4142-624x416.jpg 624w\" sizes=\"auto, (max-width: 231px) 100vw, 231px\" \/><\/a>\u00a0 \u00a0\u00a0<a href=\"http:\/\/www.fckamenice.cz\/wp-content\/uploads\/2019\/04\/Team-2019-jaro-realiza\u010dn\u00ed-t\u00fdm.jpg\" target=\"_blank\" rel=\"noopener\"><img loading=\"lazy\" decoding=\"async\" class=\"wp-image-873 alignleft\" src=\"http:\/\/www.fckamenice.cz\/wp-content\/uploads\/2019\/04\/Team-2019-jaro-realiza\u010dn\u00ed-t\u00fdm.jpg\" alt=\"\" width=\"230\" height=\"180\" srcset=\"https:\/\/www.fckamenice.cz\/wp-content\/uploads\/2019\/04\/Team-2019-jaro-realiza\u010dn\u00ed-t\u00fdm.jpg 612w, https:\/\/www.fckamenice.cz\/wp-content\/uploads\/2019\/04\/Team-2019-jaro-realiza\u010dn\u00ed-t\u00fdm-300x235.jpg 300w\" sizes=\"auto, (max-width: 230px) 100vw, 230px\" \/><\/a><\/p>\n<p>&nbsp;<\/p>\n<p><a href=\"http:\/\/www.fckamenice.cz\/wp-content\/uploads\/2019\/02\/1957.jpg\" target=\"_blank\" rel=\"noopener\"><img loading=\"lazy\" decoding=\"async\" class=\"wp-image-637 alignleft\" src=\"http:\/\/www.fckamenice.cz\/wp-content\/uploads\/2019\/02\/1957-150x150.jpg\" alt=\"\" width=\"100\" height=\"100\" \/><\/a> <a href=\"http:\/\/www.fckamenice.cz\/wp-content\/uploads\/2019\/02\/1994.jpg\" target=\"_blank\" rel=\"noopener\"><img loading=\"lazy\" decoding=\"async\" class=\"alignleft wp-image-638 \" src=\"http:\/\/www.fckamenice.cz\/wp-content\/uploads\/2019\/02\/1994-150x150.jpg\" alt=\"\" width=\"100\" height=\"100\" \/><\/a> <a href=\"http:\/\/www.fckamenice.cz\/wp-content\/uploads\/2019\/02\/1998.jpg\" target=\"_blank\" rel=\"noopener\"><img loading=\"lazy\" decoding=\"async\" class=\"alignleft wp-image-639 \" src=\"http:\/\/www.fckamenice.cz\/wp-content\/uploads\/2019\/02\/1998-150x150.jpg\" alt=\"\" width=\"100\" height=\"100\" \/><\/a> <a href=\"http:\/\/www.fckamenice.cz\/wp-content\/uploads\/2019\/02\/2001_za\u0159\u00ed_dorost_puvodni_slozeni.jpg\" target=\"_blank\" rel=\"noopener\"><img loading=\"lazy\" decoding=\"async\" class=\"alignleft wp-image-640 \" src=\"http:\/\/www.fckamenice.cz\/wp-content\/uploads\/2019\/02\/2001_za\u0159\u00ed_dorost_puvodni_slozeni-150x150.jpg\" alt=\"\" width=\"100\" height=\"100\" \/><\/a> <a href=\"http:\/\/www.fckamenice.cz\/wp-content\/uploads\/2019\/02\/2003_dorost.jpg\" target=\"_blank\" rel=\"noopener\"><img loading=\"lazy\" decoding=\"async\" class=\"alignleft wp-image-641 \" src=\"http:\/\/www.fckamenice.cz\/wp-content\/uploads\/2019\/02\/2003_dorost-150x150.jpg\" alt=\"\" width=\"100\" height=\"100\" \/><\/a> <a href=\"http:\/\/www.fckamenice.cz\/wp-content\/uploads\/2019\/02\/2004_\u010derven.jpg\" target=\"_blank\" rel=\"noopener\"><img loading=\"lazy\" decoding=\"async\" class=\"alignleft wp-image-642 \" src=\"http:\/\/www.fckamenice.cz\/wp-content\/uploads\/2019\/02\/2004_\u010derven-150x150.jpg\" alt=\"\" width=\"100\" height=\"100\" \/><\/a> <a href=\"http:\/\/www.fckamenice.cz\/wp-content\/uploads\/2019\/02\/2004_dorost.jpg\" target=\"_blank\" rel=\"noopener\"><img loading=\"lazy\" decoding=\"async\" class=\"alignleft wp-image-643 \" src=\"http:\/\/www.fckamenice.cz\/wp-content\/uploads\/2019\/02\/2004_dorost-150x150.jpg\" alt=\"\" width=\"100\" height=\"100\" \/><\/a> <a href=\"http:\/\/www.fckamenice.cz\/wp-content\/uploads\/2019\/02\/2004_dorost_2.jpg\" target=\"_blank\" rel=\"noopener\"><img loading=\"lazy\" decoding=\"async\" class=\"alignleft wp-image-644 \" src=\"http:\/\/www.fckamenice.cz\/wp-content\/uploads\/2019\/02\/2004_dorost_2-150x150.jpg\" alt=\"\" width=\"100\" height=\"100\" \/><\/a> <a href=\"http:\/\/www.fckamenice.cz\/wp-content\/uploads\/2019\/02\/2004_duben_dorost.jpg\" target=\"_blank\" rel=\"noopener\"><img loading=\"lazy\" decoding=\"async\" class=\"alignleft wp-image-645 \" src=\"http:\/\/www.fckamenice.cz\/wp-content\/uploads\/2019\/02\/2004_duben_dorost-150x150.jpg\" alt=\"\" width=\"100\" height=\"100\" \/><\/a> <a href=\"http:\/\/www.fckamenice.cz\/wp-content\/uploads\/2019\/02\/2006_srpen.jpg\" target=\"_blank\" rel=\"noopener\"><img loading=\"lazy\" decoding=\"async\" class=\"alignleft wp-image-646 \" src=\"http:\/\/www.fckamenice.cz\/wp-content\/uploads\/2019\/02\/2006_srpen-150x150.jpg\" alt=\"\" width=\"100\" height=\"100\" \/><\/a> <a href=\"http:\/\/www.fckamenice.cz\/wp-content\/uploads\/2019\/02\/2007_duben.jpg\" target=\"_blank\" rel=\"noopener\"><img loading=\"lazy\" decoding=\"async\" class=\"alignleft wp-image-647 \" src=\"http:\/\/www.fckamenice.cz\/wp-content\/uploads\/2019\/02\/2007_duben-150x150.jpg\" alt=\"\" width=\"100\" height=\"100\" \/><\/a> <a href=\"http:\/\/www.fckamenice.cz\/wp-content\/uploads\/2019\/02\/2009_jaro.jpg\" target=\"_blank\" rel=\"noopener\"><img loading=\"lazy\" decoding=\"async\" class=\"alignleft wp-image-648 \" src=\"http:\/\/www.fckamenice.cz\/wp-content\/uploads\/2019\/02\/2009_jaro-150x150.jpg\" alt=\"\" width=\"100\" height=\"100\" \/><\/a> <a href=\"http:\/\/www.fckamenice.cz\/wp-content\/uploads\/2019\/02\/2011_kv\u011bten.jpg\" target=\"_blank\" rel=\"noopener\"><img loading=\"lazy\" decoding=\"async\" class=\"alignleft wp-image-649 \" src=\"http:\/\/www.fckamenice.cz\/wp-content\/uploads\/2019\/02\/2011_kv\u011bten-150x150.jpg\" alt=\"\" width=\"100\" height=\"100\" \/><\/a> <a href=\"http:\/\/www.fckamenice.cz\/wp-content\/uploads\/2019\/02\/2011_\u0159\u00edjen.jpg\" target=\"_blank\" rel=\"noopener\"><img loading=\"lazy\" decoding=\"async\" class=\"alignleft wp-image-650 \" src=\"http:\/\/www.fckamenice.cz\/wp-content\/uploads\/2019\/02\/2011_\u0159\u00edjen-150x150.jpg\" alt=\"\" width=\"100\" height=\"100\" \/><\/a> <a href=\"http:\/\/www.fckamenice.cz\/wp-content\/uploads\/2019\/02\/2012_listopad.jpg\" target=\"_blank\" rel=\"noopener\"><img loading=\"lazy\" decoding=\"async\" class=\"alignleft wp-image-651 \" src=\"http:\/\/www.fckamenice.cz\/wp-content\/uploads\/2019\/02\/2012_listopad-150x150.jpg\" alt=\"\" width=\"100\" height=\"100\" \/><\/a> <a href=\"http:\/\/www.fckamenice.cz\/wp-content\/uploads\/2019\/02\/2012_\u0159\u00edjen.jpg\" target=\"_blank\" rel=\"noopener\"><img loading=\"lazy\" decoding=\"async\" class=\"alignleft wp-image-652 \" src=\"http:\/\/www.fckamenice.cz\/wp-content\/uploads\/2019\/02\/2012_\u0159\u00edjen-150x150.jpg\" alt=\"\" width=\"100\" height=\"100\" \/><\/a> <a href=\"http:\/\/www.fckamenice.cz\/wp-content\/uploads\/2019\/02\/2015_\u00fanor.jpg\" target=\"_blank\" rel=\"noopener\"><img loading=\"lazy\" decoding=\"async\" class=\"alignleft wp-image-653 \" src=\"http:\/\/www.fckamenice.cz\/wp-content\/uploads\/2019\/02\/2015_\u00fanor-150x150.jpg\" alt=\"\" width=\"100\" height=\"100\" \/><\/a> <a href=\"http:\/\/www.fckamenice.cz\/wp-content\/uploads\/2019\/02\/2016_\u010derven.jpg\" target=\"_blank\" rel=\"noopener\"><img loading=\"lazy\" decoding=\"async\" class=\"alignleft wp-image-654 \" src=\"http:\/\/www.fckamenice.cz\/wp-content\/uploads\/2019\/02\/2016_\u010derven-150x150.jpg\" alt=\"\" width=\"100\" height=\"100\" \/><\/a> <a href=\"http:\/\/www.fckamenice.cz\/wp-content\/uploads\/2019\/02\/2016_duben_MISTRI.jpg\" target=\"_blank\" rel=\"noopener\"><img loading=\"lazy\" decoding=\"async\" class=\"alignleft wp-image-655 \" src=\"http:\/\/www.fckamenice.cz\/wp-content\/uploads\/2019\/02\/2016_duben_MISTRI-150x150.jpg\" alt=\"\" width=\"100\" height=\"100\" \/><\/a> <a href=\"http:\/\/www.fckamenice.cz\/wp-content\/uploads\/2019\/02\/2017_\u010derven.jpg\" target=\"_blank\" rel=\"noopener\"><img loading=\"lazy\" decoding=\"async\" class=\"alignleft wp-image-656 \" src=\"http:\/\/www.fckamenice.cz\/wp-content\/uploads\/2019\/02\/2017_\u010derven-150x150.jpg\" alt=\"\" width=\"100\" height=\"100\" \/><\/a><\/p>\n","protected":false},"excerpt":{"rendered":"<p>\u00a0 \u00a0\u00a0 &nbsp;<\/p>\n","protected":false},"author":1,"featured_media":0,"parent":103,"menu_order":0,"comment_status":"closed","ping_status":"closed","template":"page-templates\/full-width.php","meta":{"footnotes":""},"class_list":["post-636","page","type-page","status-publish","hentry"],"_links":{"self":[{"href":"https:\/\/www.fckamenice.cz\/index.php\/wp-json\/wp\/v2\/pages\/636","targetHints":{"allow":["GET"]}}],"collection":[{"href":"https:\/\/www.fckamenice.cz\/index.php\/wp-json\/wp\/v2\/pages"}],"about":[{"href":"https:\/\/www.fckamenice.cz\/index.php\/wp-json\/wp\/v2\/types\/page"}],"author":[{"embeddable":true,"href":"https:\/\/www.fckamenice.cz\/index.php\/wp-json\/wp\/v2\/users\/1"}],"replies":[{"embeddable":true,"href":"https:\/\/www.fckamenice.cz\/index.php\/wp-json\/wp\/v2\/comments?post=636"}],"version-history":[{"count":6,"href":"https:\/\/www.fckamenice.cz\/index.php\/wp-json\/wp\/v2\/pages\/636\/revisions"}],"predecessor-version":[{"id":1026,"href":"https:\/\/www.fckamenice.cz\/index.php\/wp-json\/wp\/v2\/pages\/636\/revisions\/1026"}],"up":[{"embeddable":true,"href":"https:\/\/www.fckamenice.cz\/index.php\/wp-json\/wp\/v2\/pages\/103"}],"wp:attachment":[{"href":"https:\/\/www.fckamenice.cz\/index.php\/wp-json\/wp\/v2\/media?parent=636"}],"curies":[{"name":"wp","href":"https:\/\/api.w.org\/{rel}","templated":true}]}}