{"id":632,"date":"2019-02-03T07:33:26","date_gmt":"2019-02-03T07:33:26","guid":{"rendered":"http:\/\/www.fckamenice.cz\/?page_id=632"},"modified":"2019-02-03T07:33:26","modified_gmt":"2019-02-03T07:33:26","slug":"1960-utkani-v-kamenici","status":"publish","type":"page","link":"https:\/\/www.fckamenice.cz\/index.php\/galerie\/1960-utkani-v-kamenici\/","title":{"rendered":"1960 utk\u00e1n\u00ed v Kamenici"},"content":{"rendered":"<p>Pros\u00edm omluvte \u0161patnou kvalitu.<\/p>\n<p><a href=\"http:\/\/www.fckamenice.cz\/wp-content\/uploads\/2019\/02\/okolo-1960_Utkani_v_Kamenici.jpg\" target=\"_blank\" rel=\"noopener\"><img loading=\"lazy\" decoding=\"async\" class=\"alignleft wp-image-633 size-thumbnail\" src=\"http:\/\/www.fckamenice.cz\/wp-content\/uploads\/2019\/02\/okolo-1960_Utkani_v_Kamenici-150x150.jpg\" alt=\"\" width=\"150\" height=\"150\" \/><\/a><\/p>\n","protected":false},"excerpt":{"rendered":"<p>Pros\u00edm omluvte \u0161patnou kvalitu.<\/p>\n","protected":false},"author":1,"featured_media":0,"parent":103,"menu_order":0,"comment_status":"closed","ping_status":"closed","template":"page-templates\/full-width.php","meta":{"footnotes":""},"class_list":["post-632","page","type-page","status-publish","hentry"],"_links":{"self":[{"href":"https:\/\/www.fckamenice.cz\/index.php\/wp-json\/wp\/v2\/pages\/632","targetHints":{"allow":["GET"]}}],"collection":[{"href":"https:\/\/www.fckamenice.cz\/index.php\/wp-json\/wp\/v2\/pages"}],"about":[{"href":"https:\/\/www.fckamenice.cz\/index.php\/wp-json\/wp\/v2\/types\/page"}],"author":[{"embeddable":true,"href":"https:\/\/www.fckamenice.cz\/index.php\/wp-json\/wp\/v2\/users\/1"}],"replies":[{"embeddable":true,"href":"https:\/\/www.fckamenice.cz\/index.php\/wp-json\/wp\/v2\/comments?post=632"}],"version-history":[{"count":1,"href":"https:\/\/www.fckamenice.cz\/index.php\/wp-json\/wp\/v2\/pages\/632\/revisions"}],"predecessor-version":[{"id":634,"href":"https:\/\/www.fckamenice.cz\/index.php\/wp-json\/wp\/v2\/pages\/632\/revisions\/634"}],"up":[{"embeddable":true,"href":"https:\/\/www.fckamenice.cz\/index.php\/wp-json\/wp\/v2\/pages\/103"}],"wp:attachment":[{"href":"https:\/\/www.fckamenice.cz\/index.php\/wp-json\/wp\/v2\/media?parent=632"}],"curies":[{"name":"wp","href":"https:\/\/api.w.org\/{rel}","templated":true}]}}