{"id":585,"date":"2019-02-03T07:10:11","date_gmt":"2019-02-03T07:10:11","guid":{"rendered":"http:\/\/www.fckamenice.cz\/?page_id=585"},"modified":"2019-02-03T07:31:22","modified_gmt":"2019-02-03T07:31:22","slug":"2018-2","status":"publish","type":"page","link":"https:\/\/www.fckamenice.cz\/index.php\/galerie\/2018-2\/","title":{"rendered":"2018"},"content":{"rendered":"<p>2018 srpen LOKO \u010cL 1 &#8211; Kamenice 0<\/p>\n<p><a href=\"http:\/\/www.fckamenice.cz\/wp-content\/uploads\/2019\/02\/0-26.jpg\" target=\"_blank\" rel=\"noopener\"><img loading=\"lazy\" decoding=\"async\" class=\"alignleft wp-image-587\" src=\"http:\/\/www.fckamenice.cz\/wp-content\/uploads\/2019\/02\/0-26-150x150.jpg\" alt=\"\" width=\"100\" height=\"100\" \/><\/a> <a href=\"http:\/\/www.fckamenice.cz\/wp-content\/uploads\/2019\/02\/1-25.jpg\" target=\"_blank\" rel=\"noopener\"><img loading=\"lazy\" decoding=\"async\" class=\"alignleft wp-image-588 \" src=\"http:\/\/www.fckamenice.cz\/wp-content\/uploads\/2019\/02\/1-25-150x150.jpg\" alt=\"\" width=\"100\" height=\"100\" \/><\/a> <a href=\"http:\/\/www.fckamenice.cz\/wp-content\/uploads\/2019\/02\/2-21.jpg\" target=\"_blank\" rel=\"noopener\"><img loading=\"lazy\" decoding=\"async\" class=\"alignleft wp-image-589 \" src=\"http:\/\/www.fckamenice.cz\/wp-content\/uploads\/2019\/02\/2-21-150x150.jpg\" alt=\"\" width=\"100\" height=\"100\" \/><\/a> <a href=\"http:\/\/www.fckamenice.cz\/wp-content\/uploads\/2019\/02\/3-21.jpg\" target=\"_blank\" rel=\"noopener\"><img loading=\"lazy\" decoding=\"async\" class=\"alignleft wp-image-590 \" src=\"http:\/\/www.fckamenice.cz\/wp-content\/uploads\/2019\/02\/3-21-150x150.jpg\" alt=\"\" width=\"100\" height=\"100\" \/><\/a> <a href=\"http:\/\/www.fckamenice.cz\/wp-content\/uploads\/2019\/02\/4-19.jpg\" target=\"_blank\" rel=\"noopener\"><img loading=\"lazy\" decoding=\"async\" class=\"alignleft wp-image-591 \" src=\"http:\/\/www.fckamenice.cz\/wp-content\/uploads\/2019\/02\/4-19-150x150.jpg\" alt=\"\" width=\"100\" height=\"100\" \/><\/a><\/p>\n<p>&nbsp;<\/p>\n<p>&nbsp;<\/p>\n<p>&nbsp;<\/p>\n<p>2018 srpen Kamenice 1 &#8211; Cvikov 1<\/p>\n<p><a href=\"http:\/\/www.fckamenice.cz\/wp-content\/uploads\/2019\/02\/0-27.jpg\" target=\"_blank\" rel=\"noopener\"><img loading=\"lazy\" decoding=\"async\" class=\"alignleft wp-image-594 \" src=\"http:\/\/www.fckamenice.cz\/wp-content\/uploads\/2019\/02\/0-27-150x150.jpg\" alt=\"\" width=\"100\" height=\"100\" \/><\/a> <a href=\"http:\/\/www.fckamenice.cz\/wp-content\/uploads\/2019\/02\/1-26.jpg\" target=\"_blank\" rel=\"noopener\"><img loading=\"lazy\" decoding=\"async\" class=\"alignleft wp-image-595 \" src=\"http:\/\/www.fckamenice.cz\/wp-content\/uploads\/2019\/02\/1-26-150x150.jpg\" alt=\"\" width=\"100\" height=\"100\" \/><\/a> <a href=\"http:\/\/www.fckamenice.cz\/wp-content\/uploads\/2019\/02\/2-22.jpg\" target=\"_blank\" rel=\"noopener\"><img loading=\"lazy\" decoding=\"async\" class=\"alignleft wp-image-596 \" src=\"http:\/\/www.fckamenice.cz\/wp-content\/uploads\/2019\/02\/2-22-150x150.jpg\" alt=\"\" width=\"100\" height=\"100\" \/><\/a> <a href=\"http:\/\/www.fckamenice.cz\/wp-content\/uploads\/2019\/02\/3-22.jpg\" target=\"_blank\" rel=\"noopener\"><img loading=\"lazy\" decoding=\"async\" class=\"alignleft wp-image-597 \" src=\"http:\/\/www.fckamenice.cz\/wp-content\/uploads\/2019\/02\/3-22-150x150.jpg\" alt=\"\" width=\"100\" height=\"100\" \/><\/a> <a href=\"http:\/\/www.fckamenice.cz\/wp-content\/uploads\/2019\/02\/4-20.jpg\" target=\"_blank\" rel=\"noopener\"><img loading=\"lazy\" decoding=\"async\" class=\"alignleft wp-image-598 \" src=\"http:\/\/www.fckamenice.cz\/wp-content\/uploads\/2019\/02\/4-20-150x150.jpg\" alt=\"\" width=\"100\" height=\"100\" \/><\/a> <a href=\"http:\/\/www.fckamenice.cz\/wp-content\/uploads\/2019\/02\/5-16.jpg\" target=\"_blank\" rel=\"noopener\"><img loading=\"lazy\" decoding=\"async\" class=\"alignleft wp-image-599 \" src=\"http:\/\/www.fckamenice.cz\/wp-content\/uploads\/2019\/02\/5-16-150x150.jpg\" alt=\"\" width=\"100\" height=\"100\" \/><\/a><\/p>\n<p>&nbsp;<\/p>\n<p>&nbsp;<\/p>\n<p>&nbsp;<\/p>\n<p>&nbsp;<\/p>\n<p>&nbsp;<\/p>\n<p>&nbsp;<\/p>\n<p>2018 \u0159\u00edjen Holany 1 &#8211; Kamenice 2<\/p>\n<p><a href=\"http:\/\/www.fckamenice.cz\/wp-content\/uploads\/2019\/02\/0-28.jpg\" target=\"_blank\" rel=\"noopener\"><img loading=\"lazy\" decoding=\"async\" class=\"alignleft wp-image-601 \" src=\"http:\/\/www.fckamenice.cz\/wp-content\/uploads\/2019\/02\/0-28-150x150.jpg\" alt=\"\" width=\"100\" height=\"100\" \/><\/a> <a href=\"http:\/\/www.fckamenice.cz\/wp-content\/uploads\/2019\/02\/1-27.jpg\" target=\"_blank\" rel=\"noopener\"><img loading=\"lazy\" decoding=\"async\" class=\"alignleft wp-image-602 \" src=\"http:\/\/www.fckamenice.cz\/wp-content\/uploads\/2019\/02\/1-27-150x150.jpg\" alt=\"\" width=\"100\" height=\"100\" \/><\/a> <a href=\"http:\/\/www.fckamenice.cz\/wp-content\/uploads\/2019\/02\/2-23.jpg\" target=\"_blank\" rel=\"noopener\"><img loading=\"lazy\" decoding=\"async\" class=\"alignleft wp-image-603 \" src=\"http:\/\/www.fckamenice.cz\/wp-content\/uploads\/2019\/02\/2-23-150x150.jpg\" alt=\"\" width=\"100\" height=\"100\" \/><\/a> <a href=\"http:\/\/www.fckamenice.cz\/wp-content\/uploads\/2019\/02\/3-23.jpg\" target=\"_blank\" rel=\"noopener\"><img loading=\"lazy\" decoding=\"async\" class=\"alignleft wp-image-604 \" src=\"http:\/\/www.fckamenice.cz\/wp-content\/uploads\/2019\/02\/3-23-150x150.jpg\" alt=\"\" width=\"100\" height=\"100\" \/><\/a> <a href=\"http:\/\/www.fckamenice.cz\/wp-content\/uploads\/2019\/02\/4-21.jpg\" target=\"_blank\" rel=\"noopener\"><img loading=\"lazy\" decoding=\"async\" class=\"alignleft wp-image-605 \" src=\"http:\/\/www.fckamenice.cz\/wp-content\/uploads\/2019\/02\/4-21-150x150.jpg\" alt=\"\" width=\"100\" height=\"100\" \/><\/a><\/p>\n<p>&nbsp;<\/p>\n<p>&nbsp;<\/p>\n<p>&nbsp;<\/p>\n<p>2018 kv\u011bten Kamenice 3 &#8211; \u017dandov 3<\/p>\n<p><a href=\"http:\/\/www.fckamenice.cz\/wp-content\/uploads\/2019\/02\/0-29.jpg\" target=\"_blank\" rel=\"noopener\"><img loading=\"lazy\" decoding=\"async\" class=\"alignleft wp-image-607 \" src=\"http:\/\/www.fckamenice.cz\/wp-content\/uploads\/2019\/02\/0-29-150x150.jpg\" alt=\"\" width=\"100\" height=\"100\" \/><\/a> <a href=\"http:\/\/www.fckamenice.cz\/wp-content\/uploads\/2019\/02\/1-28.jpg\" target=\"_blank\" rel=\"noopener\"><img loading=\"lazy\" decoding=\"async\" class=\"alignleft wp-image-608 \" src=\"http:\/\/www.fckamenice.cz\/wp-content\/uploads\/2019\/02\/1-28-150x150.jpg\" alt=\"\" width=\"100\" height=\"100\" \/><\/a> <a href=\"http:\/\/www.fckamenice.cz\/wp-content\/uploads\/2019\/02\/2-24.jpg\" target=\"_blank\" rel=\"noopener\"><img loading=\"lazy\" decoding=\"async\" class=\"alignleft wp-image-609\" src=\"http:\/\/www.fckamenice.cz\/wp-content\/uploads\/2019\/02\/2-24-150x150.jpg\" alt=\"\" width=\"100\" height=\"100\" \/><\/a> <a href=\"http:\/\/www.fckamenice.cz\/wp-content\/uploads\/2019\/02\/3-24.jpg\" target=\"_blank\" rel=\"noopener\"><img loading=\"lazy\" decoding=\"async\" class=\"alignleft wp-image-610 \" src=\"http:\/\/www.fckamenice.cz\/wp-content\/uploads\/2019\/02\/3-24-150x150.jpg\" alt=\"\" width=\"100\" height=\"100\" \/><\/a> <a href=\"http:\/\/www.fckamenice.cz\/wp-content\/uploads\/2019\/02\/4-22.jpg\" target=\"_blank\" rel=\"noopener\"><img loading=\"lazy\" decoding=\"async\" class=\"alignleft wp-image-611 \" src=\"http:\/\/www.fckamenice.cz\/wp-content\/uploads\/2019\/02\/4-22-150x150.jpg\" alt=\"\" width=\"100\" height=\"100\" \/><\/a> <a href=\"http:\/\/www.fckamenice.cz\/wp-content\/uploads\/2019\/02\/5-17.jpg\" target=\"_blank\" rel=\"noopener\"><img loading=\"lazy\" decoding=\"async\" class=\"alignleft wp-image-612\" src=\"http:\/\/www.fckamenice.cz\/wp-content\/uploads\/2019\/02\/5-17-150x150.jpg\" alt=\"\" width=\"100\" height=\"100\" \/><\/a> <a href=\"http:\/\/www.fckamenice.cz\/wp-content\/uploads\/2019\/02\/6-12.jpg\" target=\"_blank\" rel=\"noopener\"><img loading=\"lazy\" decoding=\"async\" class=\"alignleft wp-image-613 \" src=\"http:\/\/www.fckamenice.cz\/wp-content\/uploads\/2019\/02\/6-12-150x150.jpg\" alt=\"\" width=\"100\" height=\"100\" \/><\/a> <a href=\"http:\/\/www.fckamenice.cz\/wp-content\/uploads\/2019\/02\/7-8.jpg\" target=\"_blank\" rel=\"noopener\"><img loading=\"lazy\" decoding=\"async\" class=\"alignleft wp-image-614 \" src=\"http:\/\/www.fckamenice.cz\/wp-content\/uploads\/2019\/02\/7-8-150x150.jpg\" alt=\"\" width=\"99\" height=\"99\" \/><\/a> <a href=\"http:\/\/www.fckamenice.cz\/wp-content\/uploads\/2019\/02\/8-5.jpg\" target=\"_blank\" rel=\"noopener\"><img loading=\"lazy\" decoding=\"async\" class=\"alignleft wp-image-615 \" src=\"http:\/\/www.fckamenice.cz\/wp-content\/uploads\/2019\/02\/8-5-150x150.jpg\" alt=\"\" width=\"100\" height=\"100\" \/><\/a><\/p>\n<p>&nbsp;<\/p>\n<p>&nbsp;<\/p>\n<p>&nbsp;<\/p>\n<p>&nbsp;<\/p>\n<p>&nbsp;<\/p>\n<p>&nbsp;<\/p>\n<p>2018 duben Mimo\u0148 1 &#8211; Kamenice 3<\/p>\n<p><a href=\"http:\/\/www.fckamenice.cz\/wp-content\/uploads\/2019\/02\/0-30.jpg\" target=\"_blank\" rel=\"noopener\"><img loading=\"lazy\" decoding=\"async\" class=\"alignleft wp-image-617 \" src=\"http:\/\/www.fckamenice.cz\/wp-content\/uploads\/2019\/02\/0-30-150x150.jpg\" alt=\"\" width=\"100\" height=\"100\" \/><\/a> <a href=\"http:\/\/www.fckamenice.cz\/wp-content\/uploads\/2019\/02\/1-29.jpg\" target=\"_blank\" rel=\"noopener\"><img loading=\"lazy\" decoding=\"async\" class=\"alignleft wp-image-618 \" src=\"http:\/\/www.fckamenice.cz\/wp-content\/uploads\/2019\/02\/1-29-150x150.jpg\" alt=\"\" width=\"100\" height=\"100\" \/><\/a> <a href=\"http:\/\/www.fckamenice.cz\/wp-content\/uploads\/2019\/02\/2-25.jpg\" target=\"_blank\" rel=\"noopener\"><img loading=\"lazy\" decoding=\"async\" class=\"alignleft wp-image-619 \" src=\"http:\/\/www.fckamenice.cz\/wp-content\/uploads\/2019\/02\/2-25-150x150.jpg\" alt=\"\" width=\"100\" height=\"100\" \/><\/a> <a href=\"http:\/\/www.fckamenice.cz\/wp-content\/uploads\/2019\/02\/3-25.jpg\" target=\"_blank\" rel=\"noopener\"><img loading=\"lazy\" decoding=\"async\" class=\"alignleft wp-image-620 \" src=\"http:\/\/www.fckamenice.cz\/wp-content\/uploads\/2019\/02\/3-25-150x150.jpg\" alt=\"\" width=\"100\" height=\"100\" \/><\/a> <a href=\"http:\/\/www.fckamenice.cz\/wp-content\/uploads\/2019\/02\/4-23.jpg\" target=\"_blank\" rel=\"noopener\"><img loading=\"lazy\" decoding=\"async\" class=\"alignleft wp-image-621 \" src=\"http:\/\/www.fckamenice.cz\/wp-content\/uploads\/2019\/02\/4-23-150x150.jpg\" alt=\"\" width=\"100\" height=\"100\" \/><\/a> <a href=\"http:\/\/www.fckamenice.cz\/wp-content\/uploads\/2019\/02\/5-18.jpg\" target=\"_blank\" rel=\"noopener\"><img loading=\"lazy\" decoding=\"async\" class=\"alignleft wp-image-622 \" src=\"http:\/\/www.fckamenice.cz\/wp-content\/uploads\/2019\/02\/5-18-150x150.jpg\" alt=\"\" width=\"100\" height=\"100\" \/><\/a> <a href=\"http:\/\/www.fckamenice.cz\/wp-content\/uploads\/2019\/02\/6-13.jpg\" target=\"_blank\" rel=\"noopener\"><img loading=\"lazy\" decoding=\"async\" class=\"alignleft wp-image-623 \" src=\"http:\/\/www.fckamenice.cz\/wp-content\/uploads\/2019\/02\/6-13-150x150.jpg\" alt=\"\" width=\"100\" height=\"100\" \/><\/a> <a href=\"http:\/\/www.fckamenice.cz\/wp-content\/uploads\/2019\/02\/7-9.jpg\" target=\"_blank\" rel=\"noopener\"><img loading=\"lazy\" decoding=\"async\" class=\"alignleft wp-image-624 \" src=\"http:\/\/www.fckamenice.cz\/wp-content\/uploads\/2019\/02\/7-9-150x150.jpg\" alt=\"\" width=\"100\" height=\"100\" \/><\/a> <a href=\"http:\/\/www.fckamenice.cz\/wp-content\/uploads\/2019\/02\/8-6.jpg\" target=\"_blank\" rel=\"noopener\"><img loading=\"lazy\" decoding=\"async\" class=\"alignleft wp-image-625 \" src=\"http:\/\/www.fckamenice.cz\/wp-content\/uploads\/2019\/02\/8-6-150x150.jpg\" alt=\"\" width=\"100\" height=\"100\" \/><\/a> <a href=\"http:\/\/www.fckamenice.cz\/wp-content\/uploads\/2019\/02\/9-4.jpg\" target=\"_blank\" rel=\"noopener\"><img loading=\"lazy\" decoding=\"async\" class=\"alignleft wp-image-626 \" src=\"http:\/\/www.fckamenice.cz\/wp-content\/uploads\/2019\/02\/9-4-150x150.jpg\" alt=\"\" width=\"100\" height=\"100\" \/><\/a> <a href=\"http:\/\/www.fckamenice.cz\/wp-content\/uploads\/2019\/02\/10-3.jpg\" target=\"_blank\" rel=\"noopener\"><img loading=\"lazy\" decoding=\"async\" class=\"alignleft wp-image-627 \" src=\"http:\/\/www.fckamenice.cz\/wp-content\/uploads\/2019\/02\/10-3-150x150.jpg\" alt=\"\" width=\"100\" height=\"100\" \/><\/a> <a href=\"http:\/\/www.fckamenice.cz\/wp-content\/uploads\/2019\/02\/11-2.jpg\" target=\"_blank\" rel=\"noopener\"><img loading=\"lazy\" decoding=\"async\" class=\"alignleft wp-image-628 \" src=\"http:\/\/www.fckamenice.cz\/wp-content\/uploads\/2019\/02\/11-2-150x150.jpg\" alt=\"\" width=\"100\" height=\"100\" \/><\/a><\/p>\n<p>&nbsp;<\/p>\n<p>&nbsp;<\/p>\n<p>&nbsp;<\/p>\n<p>&nbsp;<\/p>\n<p>&nbsp;<\/p>\n<p>&nbsp;<\/p>\n<p>&nbsp;<\/p>\n","protected":false},"excerpt":{"rendered":"<p>2018 srpen LOKO \u010cL 1 &#8211; Kamenice 0 &nbsp; &nbsp; &nbsp; 2018 srpen Kamenice 1 &#8211; Cvikov 1 &nbsp; &nbsp; &nbsp; &nbsp; &nbsp; &nbsp; 2018 \u0159\u00edjen Holany 1 &#8211; Kamenice 2 &nbsp; &nbsp; &nbsp; 2018 kv\u011bten Kamenice 3 &#8211; \u017dandov 3 &nbsp; &nbsp; &nbsp; &nbsp; &nbsp; &nbsp; 2018 duben Mimo\u0148 1 &#8211; Kamenice 3 &nbsp; [&hellip;]<\/p>\n","protected":false},"author":1,"featured_media":0,"parent":103,"menu_order":13,"comment_status":"closed","ping_status":"closed","template":"page-templates\/full-width.php","meta":{"footnotes":""},"class_list":["post-585","page","type-page","status-publish","hentry"],"_links":{"self":[{"href":"https:\/\/www.fckamenice.cz\/index.php\/wp-json\/wp\/v2\/pages\/585","targetHints":{"allow":["GET"]}}],"collection":[{"href":"https:\/\/www.fckamenice.cz\/index.php\/wp-json\/wp\/v2\/pages"}],"about":[{"href":"https:\/\/www.fckamenice.cz\/index.php\/wp-json\/wp\/v2\/types\/page"}],"author":[{"embeddable":true,"href":"https:\/\/www.fckamenice.cz\/index.php\/wp-json\/wp\/v2\/users\/1"}],"replies":[{"embeddable":true,"href":"https:\/\/www.fckamenice.cz\/index.php\/wp-json\/wp\/v2\/comments?post=585"}],"version-history":[{"count":8,"href":"https:\/\/www.fckamenice.cz\/index.php\/wp-json\/wp\/v2\/pages\/585\/revisions"}],"predecessor-version":[{"id":630,"href":"https:\/\/www.fckamenice.cz\/index.php\/wp-json\/wp\/v2\/pages\/585\/revisions\/630"}],"up":[{"embeddable":true,"href":"https:\/\/www.fckamenice.cz\/index.php\/wp-json\/wp\/v2\/pages\/103"}],"wp:attachment":[{"href":"https:\/\/www.fckamenice.cz\/index.php\/wp-json\/wp\/v2\/media?parent=585"}],"curies":[{"name":"wp","href":"https:\/\/api.w.org\/{rel}","templated":true}]}}