{"id":529,"date":"2019-02-03T07:00:37","date_gmt":"2019-02-03T07:00:37","guid":{"rendered":"http:\/\/www.fckamenice.cz\/?page_id=529"},"modified":"2019-02-03T07:00:37","modified_gmt":"2019-02-03T07:00:37","slug":"2016-mistri-okresniho-preboru","status":"publish","type":"page","link":"https:\/\/www.fckamenice.cz\/index.php\/galerie\/2016-mistri-okresniho-preboru\/","title":{"rendered":"2016 Mist\u0159i okresn\u00edho p\u0159eboru"},"content":{"rendered":"<p><a href=\"http:\/\/www.fckamenice.cz\/wp-content\/uploads\/2019\/02\/IMG_1173.jpg\" target=\"_blank\" rel=\"noopener\"><img loading=\"lazy\" decoding=\"async\" class=\"alignleft wp-image-530\" src=\"http:\/\/www.fckamenice.cz\/wp-content\/uploads\/2019\/02\/IMG_1173-150x150.jpg\" alt=\"\" width=\"100\" height=\"100\" \/><\/a> <a href=\"http:\/\/www.fckamenice.cz\/wp-content\/uploads\/2019\/02\/IMG_1176.jpg\" target=\"_blank\" rel=\"noopener\"><img loading=\"lazy\" decoding=\"async\" class=\"alignleft wp-image-531 \" src=\"http:\/\/www.fckamenice.cz\/wp-content\/uploads\/2019\/02\/IMG_1176-e1549176684844-150x150.jpg\" alt=\"\" width=\"100\" height=\"100\" \/><\/a> <a href=\"http:\/\/www.fckamenice.cz\/wp-content\/uploads\/2019\/02\/IMG_1179.jpg\" target=\"_blank\" rel=\"noopener\"><img loading=\"lazy\" decoding=\"async\" class=\"alignleft wp-image-532 \" src=\"http:\/\/www.fckamenice.cz\/wp-content\/uploads\/2019\/02\/IMG_1179-e1549176704708-150x150.jpg\" alt=\"\" width=\"100\" height=\"100\" \/><\/a> <a href=\"http:\/\/www.fckamenice.cz\/wp-content\/uploads\/2019\/02\/IMG_1180.jpg\" target=\"_blank\" rel=\"noopener\"><img loading=\"lazy\" decoding=\"async\" class=\"alignleft wp-image-533 \" src=\"http:\/\/www.fckamenice.cz\/wp-content\/uploads\/2019\/02\/IMG_1180-e1549176738788-150x150.jpg\" alt=\"\" width=\"100\" height=\"100\" \/><\/a> <a href=\"http:\/\/www.fckamenice.cz\/wp-content\/uploads\/2019\/02\/IMG_1181.jpg\" target=\"_blank\" rel=\"noopener\"><img loading=\"lazy\" decoding=\"async\" class=\"alignleft wp-image-534 \" src=\"http:\/\/www.fckamenice.cz\/wp-content\/uploads\/2019\/02\/IMG_1181-e1549176763729-150x150.jpg\" alt=\"\" width=\"100\" height=\"100\" \/><\/a> <a href=\"http:\/\/www.fckamenice.cz\/wp-content\/uploads\/2019\/02\/IMG_1183.jpg\" target=\"_blank\" rel=\"noopener\"><img loading=\"lazy\" decoding=\"async\" class=\"alignleft wp-image-535 \" src=\"http:\/\/www.fckamenice.cz\/wp-content\/uploads\/2019\/02\/IMG_1183-e1549176786212-150x150.jpg\" alt=\"\" width=\"100\" height=\"100\" \/><\/a> <a href=\"http:\/\/www.fckamenice.cz\/wp-content\/uploads\/2019\/02\/IMG_1185-e1549176806213.jpg\" target=\"_blank\" rel=\"noopener\"><img loading=\"lazy\" decoding=\"async\" class=\"alignleft wp-image-536 \" src=\"http:\/\/www.fckamenice.cz\/wp-content\/uploads\/2019\/02\/IMG_1185-e1549176806213-150x150.jpg\" alt=\"\" width=\"100\" height=\"100\" \/><\/a> <a href=\"http:\/\/www.fckamenice.cz\/wp-content\/uploads\/2019\/02\/IMG_1187.jpg\" target=\"_blank\" rel=\"noopener\"><img loading=\"lazy\" decoding=\"async\" class=\"alignleft wp-image-537 \" src=\"http:\/\/www.fckamenice.cz\/wp-content\/uploads\/2019\/02\/IMG_1187-e1549176852725-150x150.jpg\" alt=\"\" width=\"100\" height=\"100\" \/><\/a> <a href=\"http:\/\/www.fckamenice.cz\/wp-content\/uploads\/2019\/02\/IMG_1189.jpg\" target=\"_blank\" rel=\"noopener\"><img loading=\"lazy\" decoding=\"async\" class=\"alignleft wp-image-538 \" src=\"http:\/\/www.fckamenice.cz\/wp-content\/uploads\/2019\/02\/IMG_1189-e1549176874984-150x150.jpg\" alt=\"\" width=\"100\" height=\"100\" \/><\/a> <a href=\"http:\/\/www.fckamenice.cz\/wp-content\/uploads\/2019\/02\/IMG_1191.jpg\" target=\"_blank\" rel=\"noopener\"><img loading=\"lazy\" decoding=\"async\" class=\"alignleft wp-image-539 \" src=\"http:\/\/www.fckamenice.cz\/wp-content\/uploads\/2019\/02\/IMG_1191-e1549176897815-150x150.jpg\" alt=\"\" width=\"100\" height=\"100\" \/><\/a> <a href=\"http:\/\/www.fckamenice.cz\/wp-content\/uploads\/2019\/02\/IMG_1193.jpg\" target=\"_blank\" rel=\"noopener\"><img loading=\"lazy\" decoding=\"async\" class=\"alignleft wp-image-540 \" src=\"http:\/\/www.fckamenice.cz\/wp-content\/uploads\/2019\/02\/IMG_1193-e1549176919195-150x150.jpg\" alt=\"\" width=\"100\" height=\"100\" \/><\/a> <a href=\"http:\/\/www.fckamenice.cz\/wp-content\/uploads\/2019\/02\/IMG_1195.jpg\" target=\"_blank\" rel=\"noopener\"><img loading=\"lazy\" decoding=\"async\" class=\"alignleft wp-image-541 \" src=\"http:\/\/www.fckamenice.cz\/wp-content\/uploads\/2019\/02\/IMG_1195-e1549176942267-150x150.jpg\" alt=\"\" width=\"100\" height=\"100\" \/><\/a> <a href=\"http:\/\/www.fckamenice.cz\/wp-content\/uploads\/2019\/02\/IMG_1197.jpg\" target=\"_blank\" rel=\"noopener\"><img loading=\"lazy\" decoding=\"async\" class=\"alignleft wp-image-542 \" src=\"http:\/\/www.fckamenice.cz\/wp-content\/uploads\/2019\/02\/IMG_1197-e1549176963297-150x150.jpg\" alt=\"\" width=\"100\" height=\"100\" \/><\/a> <a href=\"http:\/\/www.fckamenice.cz\/wp-content\/uploads\/2019\/02\/IMG_1199.jpg\" target=\"_blank\" rel=\"noopener\"><img loading=\"lazy\" decoding=\"async\" class=\"alignleft wp-image-543 \" src=\"http:\/\/www.fckamenice.cz\/wp-content\/uploads\/2019\/02\/IMG_1199-e1549176981191-150x150.jpg\" alt=\"\" width=\"100\" height=\"100\" \/><\/a> <a href=\"http:\/\/www.fckamenice.cz\/wp-content\/uploads\/2019\/02\/IMG_1200.jpg\" target=\"_blank\" rel=\"noopener\"><img loading=\"lazy\" decoding=\"async\" class=\"alignleft wp-image-544 \" src=\"http:\/\/www.fckamenice.cz\/wp-content\/uploads\/2019\/02\/IMG_1200-150x150.jpg\" alt=\"\" width=\"100\" height=\"100\" \/><\/a> <a href=\"http:\/\/www.fckamenice.cz\/wp-content\/uploads\/2019\/02\/IMG_1202.jpg\" target=\"_blank\" rel=\"noopener\"><img loading=\"lazy\" decoding=\"async\" class=\"alignleft wp-image-545 \" src=\"http:\/\/www.fckamenice.cz\/wp-content\/uploads\/2019\/02\/IMG_1202-150x150.jpg\" alt=\"\" width=\"100\" height=\"100\" \/><\/a> <a href=\"http:\/\/www.fckamenice.cz\/wp-content\/uploads\/2019\/02\/IMG_1204.jpg\" target=\"_blank\" rel=\"noopener\"><img loading=\"lazy\" decoding=\"async\" class=\"alignleft wp-image-546 \" src=\"http:\/\/www.fckamenice.cz\/wp-content\/uploads\/2019\/02\/IMG_1204-150x150.jpg\" alt=\"\" width=\"100\" height=\"100\" \/><\/a> <a href=\"http:\/\/www.fckamenice.cz\/wp-content\/uploads\/2019\/02\/IMG_1206.jpg\" target=\"_blank\" rel=\"noopener\"><img loading=\"lazy\" decoding=\"async\" class=\"alignleft wp-image-547 \" src=\"http:\/\/www.fckamenice.cz\/wp-content\/uploads\/2019\/02\/IMG_1206-150x150.jpg\" alt=\"\" width=\"100\" height=\"100\" \/><\/a> <a href=\"http:\/\/www.fckamenice.cz\/wp-content\/uploads\/2019\/02\/IMG_1208.jpg\" target=\"_blank\" rel=\"noopener\"><img loading=\"lazy\" decoding=\"async\" class=\"alignleft wp-image-548 \" src=\"http:\/\/www.fckamenice.cz\/wp-content\/uploads\/2019\/02\/IMG_1208-150x150.jpg\" alt=\"\" width=\"100\" height=\"100\" \/><\/a> <a href=\"http:\/\/www.fckamenice.cz\/wp-content\/uploads\/2019\/02\/IMG_1209.jpg\" target=\"_blank\" rel=\"noopener\"><img loading=\"lazy\" decoding=\"async\" class=\"alignleft wp-image-549 \" src=\"http:\/\/www.fckamenice.cz\/wp-content\/uploads\/2019\/02\/IMG_1209-150x150.jpg\" alt=\"\" width=\"100\" height=\"100\" \/><\/a> <a href=\"http:\/\/www.fckamenice.cz\/wp-content\/uploads\/2019\/02\/IMG_1222.jpg\" target=\"_blank\" rel=\"noopener\"><img loading=\"lazy\" decoding=\"async\" class=\"alignleft wp-image-550 \" src=\"http:\/\/www.fckamenice.cz\/wp-content\/uploads\/2019\/02\/IMG_1222-150x150.jpg\" alt=\"\" width=\"100\" height=\"100\" \/><\/a> <a href=\"http:\/\/www.fckamenice.cz\/wp-content\/uploads\/2019\/02\/IMG_1223.jpg\" target=\"_blank\" rel=\"noopener\"><img loading=\"lazy\" decoding=\"async\" class=\"alignleft wp-image-551 \" src=\"http:\/\/www.fckamenice.cz\/wp-content\/uploads\/2019\/02\/IMG_1223-e1549177071197-150x150.jpg\" alt=\"\" width=\"100\" height=\"100\" \/><\/a> <a href=\"http:\/\/www.fckamenice.cz\/wp-content\/uploads\/2019\/02\/IMG_1225.jpg\" target=\"_blank\" rel=\"noopener\"><img loading=\"lazy\" decoding=\"async\" class=\"alignleft wp-image-552 \" src=\"http:\/\/www.fckamenice.cz\/wp-content\/uploads\/2019\/02\/IMG_1225-e1549177091180-150x150.jpg\" alt=\"\" width=\"100\" height=\"100\" \/><\/a> <a href=\"http:\/\/www.fckamenice.cz\/wp-content\/uploads\/2019\/02\/IMG_1231.jpg\" target=\"_blank\" rel=\"noopener\"><img loading=\"lazy\" decoding=\"async\" class=\"alignleft wp-image-553 \" src=\"http:\/\/www.fckamenice.cz\/wp-content\/uploads\/2019\/02\/IMG_1231-150x150.jpg\" alt=\"\" width=\"100\" height=\"100\" \/><\/a> <a href=\"http:\/\/www.fckamenice.cz\/wp-content\/uploads\/2019\/02\/IMG_1232.jpg\" target=\"_blank\" rel=\"noopener\"><img loading=\"lazy\" decoding=\"async\" class=\"alignleft wp-image-554 \" src=\"http:\/\/www.fckamenice.cz\/wp-content\/uploads\/2019\/02\/IMG_1232-150x150.jpg\" alt=\"\" width=\"100\" height=\"100\" \/><\/a> <a href=\"http:\/\/www.fckamenice.cz\/wp-content\/uploads\/2019\/02\/IMG_1234.jpg\" target=\"_blank\" rel=\"noopener\"><img loading=\"lazy\" decoding=\"async\" class=\"alignleft wp-image-555 \" src=\"http:\/\/www.fckamenice.cz\/wp-content\/uploads\/2019\/02\/IMG_1234-e1549177136527-150x150.jpg\" alt=\"\" width=\"99\" height=\"99\" \/><\/a> <a href=\"http:\/\/www.fckamenice.cz\/wp-content\/uploads\/2019\/02\/IMG_1238.jpg\" target=\"_blank\" rel=\"noopener\"><img loading=\"lazy\" decoding=\"async\" class=\"alignleft wp-image-556 \" src=\"http:\/\/www.fckamenice.cz\/wp-content\/uploads\/2019\/02\/IMG_1238-e1549177164374-150x150.jpg\" alt=\"\" width=\"100\" height=\"100\" \/><\/a> <a href=\"http:\/\/www.fckamenice.cz\/wp-content\/uploads\/2019\/02\/IMG_1239.jpg\" target=\"_blank\" rel=\"noopener\"><img loading=\"lazy\" decoding=\"async\" class=\"alignleft wp-image-557 \" src=\"http:\/\/www.fckamenice.cz\/wp-content\/uploads\/2019\/02\/IMG_1239-e1549177182772-150x150.jpg\" alt=\"\" width=\"100\" height=\"100\" \/><\/a> <a href=\"http:\/\/www.fckamenice.cz\/wp-content\/uploads\/2019\/02\/IMG_1244.jpg\" target=\"_blank\" rel=\"noopener\"><img loading=\"lazy\" decoding=\"async\" class=\"alignleft wp-image-558 \" src=\"http:\/\/www.fckamenice.cz\/wp-content\/uploads\/2019\/02\/IMG_1244-e1549177200338-150x150.jpg\" alt=\"\" width=\"100\" height=\"100\" \/><\/a> <a href=\"http:\/\/www.fckamenice.cz\/wp-content\/uploads\/2019\/02\/IMG_1249.jpg\" target=\"_blank\" rel=\"noopener\"><img loading=\"lazy\" decoding=\"async\" class=\"alignleft wp-image-559 \" src=\"http:\/\/www.fckamenice.cz\/wp-content\/uploads\/2019\/02\/IMG_1249-e1549177222168-150x150.jpg\" alt=\"\" width=\"100\" height=\"100\" \/><\/a><\/p>\n","protected":false},"excerpt":{"rendered":"","protected":false},"author":1,"featured_media":0,"parent":103,"menu_order":11,"comment_status":"closed","ping_status":"closed","template":"page-templates\/full-width.php","meta":{"footnotes":""},"class_list":["post-529","page","type-page","status-publish","hentry"],"_links":{"self":[{"href":"https:\/\/www.fckamenice.cz\/index.php\/wp-json\/wp\/v2\/pages\/529","targetHints":{"allow":["GET"]}}],"collection":[{"href":"https:\/\/www.fckamenice.cz\/index.php\/wp-json\/wp\/v2\/pages"}],"about":[{"href":"https:\/\/www.fckamenice.cz\/index.php\/wp-json\/wp\/v2\/types\/page"}],"author":[{"embeddable":true,"href":"https:\/\/www.fckamenice.cz\/index.php\/wp-json\/wp\/v2\/users\/1"}],"replies":[{"embeddable":true,"href":"https:\/\/www.fckamenice.cz\/index.php\/wp-json\/wp\/v2\/comments?post=529"}],"version-history":[{"count":1,"href":"https:\/\/www.fckamenice.cz\/index.php\/wp-json\/wp\/v2\/pages\/529\/revisions"}],"predecessor-version":[{"id":560,"href":"https:\/\/www.fckamenice.cz\/index.php\/wp-json\/wp\/v2\/pages\/529\/revisions\/560"}],"up":[{"embeddable":true,"href":"https:\/\/www.fckamenice.cz\/index.php\/wp-json\/wp\/v2\/pages\/103"}],"wp:attachment":[{"href":"https:\/\/www.fckamenice.cz\/index.php\/wp-json\/wp\/v2\/media?parent=529"}],"curies":[{"name":"wp","href":"https:\/\/api.w.org\/{rel}","templated":true}]}}