{"id":508,"date":"2019-02-03T06:26:35","date_gmt":"2019-02-03T06:26:35","guid":{"rendered":"http:\/\/www.fckamenice.cz\/?page_id=508"},"modified":"2019-02-03T06:34:20","modified_gmt":"2019-02-03T06:34:20","slug":"2016-2","status":"publish","type":"page","link":"https:\/\/www.fckamenice.cz\/index.php\/galerie\/2016-2\/","title":{"rendered":"2016"},"content":{"rendered":"<p>2016 srpen Mimo\u0148 1 &#8211; Kamenice 4<\/p>\n<p><a href=\"http:\/\/www.fckamenice.cz\/wp-content\/uploads\/2019\/02\/0-21.jpg\" target=\"_blank\" rel=\"noopener\"><img loading=\"lazy\" decoding=\"async\" class=\"alignleft wp-image-511 \" src=\"http:\/\/www.fckamenice.cz\/wp-content\/uploads\/2019\/02\/0-21-150x150.jpg\" alt=\"\" width=\"60\" height=\"60\" \/><\/a> <a href=\"http:\/\/www.fckamenice.cz\/wp-content\/uploads\/2019\/02\/1-20.jpg\" target=\"_blank\" rel=\"noopener\"><img loading=\"lazy\" decoding=\"async\" class=\"alignleft wp-image-512 \" src=\"http:\/\/www.fckamenice.cz\/wp-content\/uploads\/2019\/02\/1-20-150x150.jpg\" alt=\"\" width=\"60\" height=\"60\" \/><\/a> <a href=\"http:\/\/www.fckamenice.cz\/wp-content\/uploads\/2019\/02\/2-18.jpg\" target=\"_blank\" rel=\"noopener\"><img loading=\"lazy\" decoding=\"async\" class=\"alignleft wp-image-513 \" src=\"http:\/\/www.fckamenice.cz\/wp-content\/uploads\/2019\/02\/2-18-150x150.jpg\" alt=\"\" width=\"60\" height=\"60\" \/><\/a> <a href=\"http:\/\/www.fckamenice.cz\/wp-content\/uploads\/2019\/02\/3-18.jpg\" target=\"_blank\" rel=\"noopener\"><img loading=\"lazy\" decoding=\"async\" class=\"alignleft wp-image-514 \" src=\"http:\/\/www.fckamenice.cz\/wp-content\/uploads\/2019\/02\/3-18-150x150.jpg\" alt=\"\" width=\"60\" height=\"60\" \/><\/a> <a href=\"http:\/\/www.fckamenice.cz\/wp-content\/uploads\/2019\/02\/4-16.jpg\" target=\"_blank\" rel=\"noopener\"><img loading=\"lazy\" decoding=\"async\" class=\"alignleft wp-image-515 \" src=\"http:\/\/www.fckamenice.cz\/wp-content\/uploads\/2019\/02\/4-16-150x150.jpg\" alt=\"\" width=\"60\" height=\"60\" \/><\/a> <a href=\"http:\/\/www.fckamenice.cz\/wp-content\/uploads\/2019\/02\/5-14.jpg\" target=\"_blank\" rel=\"noopener\"><img loading=\"lazy\" decoding=\"async\" class=\"alignleft wp-image-516 \" src=\"http:\/\/www.fckamenice.cz\/wp-content\/uploads\/2019\/02\/5-14-150x150.jpg\" alt=\"\" width=\"60\" height=\"60\" \/><\/a> <a href=\"http:\/\/www.fckamenice.cz\/wp-content\/uploads\/2019\/02\/6-10.jpg\" target=\"_blank\" rel=\"noopener\"><img loading=\"lazy\" decoding=\"async\" class=\"alignleft wp-image-517 \" src=\"http:\/\/www.fckamenice.cz\/wp-content\/uploads\/2019\/02\/6-10-150x150.jpg\" alt=\"\" width=\"60\" height=\"60\" \/><\/a> <a href=\"http:\/\/www.fckamenice.cz\/wp-content\/uploads\/2019\/02\/7-7.jpg\" target=\"_blank\" rel=\"noopener\"><img loading=\"lazy\" decoding=\"async\" class=\"alignleft wp-image-518 \" src=\"http:\/\/www.fckamenice.cz\/wp-content\/uploads\/2019\/02\/7-7-150x150.jpg\" alt=\"\" width=\"60\" height=\"60\" \/><\/a><\/p>\n<p>&nbsp;<\/p>\n<p>&nbsp;<\/p>\n<p>&nbsp;<\/p>\n<p>&nbsp;<\/p>\n<p>2016 \u0159\u00edjen Doksy B 3 &#8211; Kamenice 4<\/p>\n<p><a href=\"http:\/\/www.fckamenice.cz\/wp-content\/uploads\/2019\/02\/0-22.jpg\" target=\"_blank\" rel=\"noopener\"><img loading=\"lazy\" decoding=\"async\" class=\"alignleft wp-image-520 \" src=\"http:\/\/www.fckamenice.cz\/wp-content\/uploads\/2019\/02\/0-22-150x150.jpg\" alt=\"\" width=\"60\" height=\"60\" \/><\/a> <a href=\"http:\/\/www.fckamenice.cz\/wp-content\/uploads\/2019\/02\/1-21.jpg\" target=\"_blank\" rel=\"noopener\"><img loading=\"lazy\" decoding=\"async\" class=\"alignleft wp-image-521 \" src=\"http:\/\/www.fckamenice.cz\/wp-content\/uploads\/2019\/02\/1-21-150x150.jpg\" alt=\"\" width=\"60\" height=\"60\" \/><\/a><\/p>\n<p>&nbsp;<\/p>\n<p>&nbsp;<\/p>\n<p>2016 duben Kamenice 3 &#8211; Kravare 3<\/p>\n<p><a href=\"http:\/\/www.fckamenice.cz\/wp-content\/uploads\/2019\/02\/IMG_0927.jpg\" target=\"_blank\" rel=\"noopener\"><img loading=\"lazy\" decoding=\"async\" class=\"alignleft wp-image-523 \" src=\"http:\/\/www.fckamenice.cz\/wp-content\/uploads\/2019\/02\/IMG_0927-150x150.jpg\" alt=\"\" width=\"60\" height=\"60\" \/><\/a> <a href=\"http:\/\/www.fckamenice.cz\/wp-content\/uploads\/2019\/02\/IMG_0938.jpg\" target=\"_blank\" rel=\"noopener\"><img loading=\"lazy\" decoding=\"async\" class=\"alignleft wp-image-524 \" src=\"http:\/\/www.fckamenice.cz\/wp-content\/uploads\/2019\/02\/IMG_0938-150x150.jpg\" alt=\"\" width=\"60\" height=\"60\" \/><\/a> <a href=\"http:\/\/www.fckamenice.cz\/wp-content\/uploads\/2019\/02\/IMG_0952.jpg\" target=\"_blank\" rel=\"noopener\"><img loading=\"lazy\" decoding=\"async\" class=\"alignleft wp-image-525 \" src=\"http:\/\/www.fckamenice.cz\/wp-content\/uploads\/2019\/02\/IMG_0952-150x150.jpg\" alt=\"\" width=\"60\" height=\"60\" \/><\/a> <a href=\"http:\/\/www.fckamenice.cz\/wp-content\/uploads\/2019\/02\/IMG_0956.jpg\" target=\"_blank\" rel=\"noopener\"><img loading=\"lazy\" decoding=\"async\" class=\"alignleft wp-image-526 \" src=\"http:\/\/www.fckamenice.cz\/wp-content\/uploads\/2019\/02\/IMG_0956-150x150.jpg\" alt=\"\" width=\"60\" height=\"60\" \/><\/a><\/p>\n<p>&nbsp;<\/p>\n<p>&nbsp;<\/p>\n<p>&nbsp;<\/p>\n<p>&nbsp;<\/p>\n<p>&nbsp;<\/p>\n<p>&nbsp;<\/p>\n<p>&nbsp;<\/p>\n<p>&nbsp;<\/p>\n<p>&nbsp;<\/p>\n<p>&nbsp;<\/p>\n<p>&nbsp;<\/p>\n<p>&nbsp;<\/p>\n<p>&nbsp;<\/p>\n<p>&nbsp;<\/p>\n<p>&nbsp;<\/p>\n<p>&nbsp;<\/p>\n<p>&nbsp;<\/p>\n<p>&nbsp;<\/p>\n<p>&nbsp;<\/p>\n<p>&nbsp;<\/p>\n<p>&nbsp;<\/p>\n<p>&nbsp;<\/p>\n","protected":false},"excerpt":{"rendered":"<p>2016 srpen Mimo\u0148 1 &#8211; Kamenice 4 &nbsp; &nbsp; &nbsp; &nbsp; 2016 \u0159\u00edjen Doksy B 3 &#8211; Kamenice 4 &nbsp; &nbsp; 2016 duben Kamenice 3 &#8211; Kravare 3 &nbsp; &nbsp; &nbsp; &nbsp; &nbsp; &nbsp; &nbsp; &nbsp; &nbsp; &nbsp; &nbsp; &nbsp; &nbsp; &nbsp; &nbsp; &nbsp; &nbsp; &nbsp; &nbsp; &nbsp; &nbsp; &nbsp;<\/p>\n","protected":false},"author":1,"featured_media":0,"parent":103,"menu_order":10,"comment_status":"closed","ping_status":"closed","template":"page-templates\/full-width.php","meta":{"footnotes":""},"class_list":["post-508","page","type-page","status-publish","hentry"],"_links":{"self":[{"href":"https:\/\/www.fckamenice.cz\/index.php\/wp-json\/wp\/v2\/pages\/508","targetHints":{"allow":["GET"]}}],"collection":[{"href":"https:\/\/www.fckamenice.cz\/index.php\/wp-json\/wp\/v2\/pages"}],"about":[{"href":"https:\/\/www.fckamenice.cz\/index.php\/wp-json\/wp\/v2\/types\/page"}],"author":[{"embeddable":true,"href":"https:\/\/www.fckamenice.cz\/index.php\/wp-json\/wp\/v2\/users\/1"}],"replies":[{"embeddable":true,"href":"https:\/\/www.fckamenice.cz\/index.php\/wp-json\/wp\/v2\/comments?post=508"}],"version-history":[{"count":5,"href":"https:\/\/www.fckamenice.cz\/index.php\/wp-json\/wp\/v2\/pages\/508\/revisions"}],"predecessor-version":[{"id":527,"href":"https:\/\/www.fckamenice.cz\/index.php\/wp-json\/wp\/v2\/pages\/508\/revisions\/527"}],"up":[{"embeddable":true,"href":"https:\/\/www.fckamenice.cz\/index.php\/wp-json\/wp\/v2\/pages\/103"}],"wp:attachment":[{"href":"https:\/\/www.fckamenice.cz\/index.php\/wp-json\/wp\/v2\/media?parent=508"}],"curies":[{"name":"wp","href":"https:\/\/api.w.org\/{rel}","templated":true}]}}