{"id":458,"date":"2019-02-03T05:44:23","date_gmt":"2019-02-03T05:44:23","guid":{"rendered":"http:\/\/www.fckamenice.cz\/?page_id=458"},"modified":"2019-02-03T06:18:24","modified_gmt":"2019-02-03T06:18:24","slug":"pokus","status":"publish","type":"page","link":"https:\/\/www.fckamenice.cz\/index.php\/galerie\/pokus\/","title":{"rendered":"2015"},"content":{"rendered":"<p>2015 kv\u011bten Doln\u00ed Libchava 2 &#8211; Kamenice 0<\/p>\n<p><a href=\"http:\/\/www.fckamenice.cz\/wp-content\/uploads\/2019\/02\/0-17.jpg\" target=\"_blank\" rel=\"noopener\"><img loading=\"lazy\" decoding=\"async\" class=\"alignleft wp-image-464 \" src=\"http:\/\/www.fckamenice.cz\/wp-content\/uploads\/2019\/02\/0-17-150x150.jpg\" alt=\"\" width=\"60\" height=\"60\" \/><\/a> <a href=\"http:\/\/www.fckamenice.cz\/wp-content\/uploads\/2019\/02\/1-16.jpg\" target=\"_blank\" rel=\"noopener\"><img loading=\"lazy\" decoding=\"async\" class=\"alignleft wp-image-465 \" src=\"http:\/\/www.fckamenice.cz\/wp-content\/uploads\/2019\/02\/1-16-150x150.jpg\" alt=\"\" width=\"60\" height=\"60\" \/><\/a> <a href=\"http:\/\/www.fckamenice.cz\/wp-content\/uploads\/2019\/02\/2-14.jpg\" target=\"_blank\" rel=\"noopener\"><img loading=\"lazy\" decoding=\"async\" class=\"alignleft wp-image-466 \" src=\"http:\/\/www.fckamenice.cz\/wp-content\/uploads\/2019\/02\/2-14-150x150.jpg\" alt=\"\" width=\"60\" height=\"60\" \/><\/a> <a href=\"http:\/\/www.fckamenice.cz\/wp-content\/uploads\/2019\/02\/3-14.jpg\" target=\"_blank\" rel=\"noopener\"><img loading=\"lazy\" decoding=\"async\" class=\"alignleft wp-image-467 \" src=\"http:\/\/www.fckamenice.cz\/wp-content\/uploads\/2019\/02\/3-14-150x150.jpg\" alt=\"\" width=\"60\" height=\"60\" \/><\/a> <a href=\"http:\/\/www.fckamenice.cz\/wp-content\/uploads\/2019\/02\/4-13.jpg\" target=\"_blank\" rel=\"noopener\"><img loading=\"lazy\" decoding=\"async\" class=\"alignleft wp-image-468 \" src=\"http:\/\/www.fckamenice.cz\/wp-content\/uploads\/2019\/02\/4-13-150x150.jpg\" alt=\"\" width=\"60\" height=\"60\" \/><\/a> <a href=\"http:\/\/www.fckamenice.cz\/wp-content\/uploads\/2019\/02\/5-11.jpg\" target=\"_blank\" rel=\"noopener\"><img loading=\"lazy\" decoding=\"async\" class=\"alignleft wp-image-469 \" src=\"http:\/\/www.fckamenice.cz\/wp-content\/uploads\/2019\/02\/5-11-150x150.jpg\" alt=\"\" width=\"60\" height=\"60\" \/><\/a> <a href=\"http:\/\/www.fckamenice.cz\/wp-content\/uploads\/2019\/02\/6-8.jpg\" target=\"_blank\" rel=\"noopener\"><img loading=\"lazy\" decoding=\"async\" class=\"alignleft wp-image-470 \" src=\"http:\/\/www.fckamenice.cz\/wp-content\/uploads\/2019\/02\/6-8-150x150.jpg\" alt=\"\" width=\"60\" height=\"60\" \/><\/a> <a href=\"http:\/\/www.fckamenice.cz\/wp-content\/uploads\/2019\/02\/7-5.jpg\" target=\"_blank\" rel=\"noopener\"><img loading=\"lazy\" decoding=\"async\" class=\"alignleft wp-image-471 \" src=\"http:\/\/www.fckamenice.cz\/wp-content\/uploads\/2019\/02\/7-5-150x150.jpg\" alt=\"\" width=\"60\" height=\"60\" \/><\/a> <a href=\"http:\/\/www.fckamenice.cz\/wp-content\/uploads\/2019\/02\/8-3.jpg\" target=\"_blank\" rel=\"noopener\"><img loading=\"lazy\" decoding=\"async\" class=\"alignleft wp-image-472 \" src=\"http:\/\/www.fckamenice.cz\/wp-content\/uploads\/2019\/02\/8-3-150x150.jpg\" alt=\"\" width=\"60\" height=\"60\" \/><\/a> <a href=\"http:\/\/www.fckamenice.cz\/wp-content\/uploads\/2019\/02\/9-2.jpg\" target=\"_blank\" rel=\"noopener\"><img loading=\"lazy\" decoding=\"async\" class=\"alignleft wp-image-473 \" src=\"http:\/\/www.fckamenice.cz\/wp-content\/uploads\/2019\/02\/9-2-150x150.jpg\" alt=\"\" width=\"60\" height=\"60\" \/><\/a> <a href=\"http:\/\/www.fckamenice.cz\/wp-content\/uploads\/2019\/02\/10-2.jpg\" target=\"_blank\" rel=\"noopener\"><img loading=\"lazy\" decoding=\"async\" class=\"alignleft wp-image-474 \" src=\"http:\/\/www.fckamenice.cz\/wp-content\/uploads\/2019\/02\/10-2-150x150.jpg\" alt=\"\" width=\"60\" height=\"60\" \/><\/a><\/p>\n<p>&nbsp;<\/p>\n<p>&nbsp;<\/p>\n<p>&nbsp;<\/p>\n<p>&nbsp;<\/p>\n<p>2015 kv\u011bten Kamenice 4 &#8211; Horn\u00ed Police 1<\/p>\n<p><a href=\"http:\/\/www.fckamenice.cz\/wp-content\/uploads\/2019\/02\/0-18.jpg\" target=\"_blank\" rel=\"noopener\"><img loading=\"lazy\" decoding=\"async\" class=\"alignleft wp-image-476 \" src=\"http:\/\/www.fckamenice.cz\/wp-content\/uploads\/2019\/02\/0-18-150x150.jpg\" alt=\"\" width=\"60\" height=\"60\" \/><\/a> <a href=\"http:\/\/www.fckamenice.cz\/wp-content\/uploads\/2019\/02\/1-17.jpg\" target=\"_blank\" rel=\"noopener\"><img loading=\"lazy\" decoding=\"async\" class=\"alignleft wp-image-477 \" src=\"http:\/\/www.fckamenice.cz\/wp-content\/uploads\/2019\/02\/1-17-150x150.jpg\" alt=\"\" width=\"60\" height=\"60\" \/><\/a> <a href=\"http:\/\/www.fckamenice.cz\/wp-content\/uploads\/2019\/02\/2-15.jpg\" target=\"_blank\" rel=\"noopener\"><img loading=\"lazy\" decoding=\"async\" class=\"alignleft wp-image-478 \" src=\"http:\/\/www.fckamenice.cz\/wp-content\/uploads\/2019\/02\/2-15-150x150.jpg\" alt=\"\" width=\"60\" height=\"60\" \/><\/a> <a href=\"http:\/\/www.fckamenice.cz\/wp-content\/uploads\/2019\/02\/3-15.jpg\" target=\"_blank\" rel=\"noopener\"><img loading=\"lazy\" decoding=\"async\" class=\"alignleft wp-image-479 \" src=\"http:\/\/www.fckamenice.cz\/wp-content\/uploads\/2019\/02\/3-15-150x150.jpg\" alt=\"\" width=\"60\" height=\"60\" \/><\/a> <a href=\"http:\/\/www.fckamenice.cz\/wp-content\/uploads\/2019\/02\/4-14.jpg\" target=\"_blank\" rel=\"noopener\"><img loading=\"lazy\" decoding=\"async\" class=\"alignleft wp-image-480 \" src=\"http:\/\/www.fckamenice.cz\/wp-content\/uploads\/2019\/02\/4-14-150x150.jpg\" alt=\"\" width=\"60\" height=\"60\" \/><\/a> <a href=\"http:\/\/www.fckamenice.cz\/wp-content\/uploads\/2019\/02\/5-12.jpg\" target=\"_blank\" rel=\"noopener\"><img loading=\"lazy\" decoding=\"async\" class=\"alignleft wp-image-481 \" src=\"http:\/\/www.fckamenice.cz\/wp-content\/uploads\/2019\/02\/5-12-150x150.jpg\" alt=\"\" width=\"60\" height=\"60\" \/><\/a> <a href=\"http:\/\/www.fckamenice.cz\/wp-content\/uploads\/2019\/02\/6-9.jpg\" target=\"_blank\" rel=\"noopener\"><img loading=\"lazy\" decoding=\"async\" class=\"alignleft wp-image-482 \" src=\"http:\/\/www.fckamenice.cz\/wp-content\/uploads\/2019\/02\/6-9-150x150.jpg\" alt=\"\" width=\"60\" height=\"60\" \/><\/a> <a href=\"http:\/\/www.fckamenice.cz\/wp-content\/uploads\/2019\/02\/7-6.jpg\" target=\"_blank\" rel=\"noopener\"><img loading=\"lazy\" decoding=\"async\" class=\"alignleft wp-image-483 \" src=\"http:\/\/www.fckamenice.cz\/wp-content\/uploads\/2019\/02\/7-6-150x150.jpg\" alt=\"\" width=\"60\" height=\"60\" \/><\/a> <a href=\"http:\/\/www.fckamenice.cz\/wp-content\/uploads\/2019\/02\/8-4.jpg\" target=\"_blank\" rel=\"noopener\"><img loading=\"lazy\" decoding=\"async\" class=\"alignleft wp-image-484 \" src=\"http:\/\/www.fckamenice.cz\/wp-content\/uploads\/2019\/02\/8-4-150x150.jpg\" alt=\"\" width=\"60\" height=\"60\" \/><\/a> <a href=\"http:\/\/www.fckamenice.cz\/wp-content\/uploads\/2019\/02\/9-3.jpg\" target=\"_blank\" rel=\"noopener\"><img loading=\"lazy\" decoding=\"async\" class=\"alignleft wp-image-485 \" src=\"http:\/\/www.fckamenice.cz\/wp-content\/uploads\/2019\/02\/9-3-150x150.jpg\" alt=\"\" width=\"60\" height=\"60\" \/><\/a><\/p>\n<p>&nbsp;<\/p>\n<p>&nbsp;<\/p>\n<p>&nbsp;<\/p>\n<p>&nbsp;<\/p>\n<p>2015 \u0159\u00edjen Kamenice 0 &#8211; Dubice 6<\/p>\n<p><a href=\"http:\/\/www.fckamenice.cz\/wp-content\/uploads\/2019\/02\/0-19.jpg\" target=\"_blank\" rel=\"noopener\"><img loading=\"lazy\" decoding=\"async\" class=\"alignleft wp-image-487 \" src=\"http:\/\/www.fckamenice.cz\/wp-content\/uploads\/2019\/02\/0-19-150x150.jpg\" alt=\"\" width=\"60\" height=\"60\" \/><\/a> <a href=\"http:\/\/www.fckamenice.cz\/wp-content\/uploads\/2019\/02\/1-18.jpg\" target=\"_blank\" rel=\"noopener\"><img loading=\"lazy\" decoding=\"async\" class=\"alignleft wp-image-488 \" src=\"http:\/\/www.fckamenice.cz\/wp-content\/uploads\/2019\/02\/1-18-150x150.jpg\" alt=\"\" width=\"60\" height=\"60\" \/><\/a> <a href=\"http:\/\/www.fckamenice.cz\/wp-content\/uploads\/2019\/02\/2-16.jpg\" target=\"_blank\" rel=\"noopener\"><img loading=\"lazy\" decoding=\"async\" class=\"alignleft wp-image-489 \" src=\"http:\/\/www.fckamenice.cz\/wp-content\/uploads\/2019\/02\/2-16-150x150.jpg\" alt=\"\" width=\"60\" height=\"60\" \/><\/a> <a href=\"http:\/\/www.fckamenice.cz\/wp-content\/uploads\/2019\/02\/3-16.jpg\" target=\"_blank\" rel=\"noopener\"><img loading=\"lazy\" decoding=\"async\" class=\"alignleft wp-image-490 \" src=\"http:\/\/www.fckamenice.cz\/wp-content\/uploads\/2019\/02\/3-16-150x150.jpg\" alt=\"\" width=\"60\" height=\"60\" \/><\/a><\/p>\n<p>&nbsp;<\/p>\n<p>&nbsp;<\/p>\n<p>2015 \u0159\u00edjen Sosnov\u00e1 1 &#8211; Kamenice 2<\/p>\n<p><a href=\"http:\/\/www.fckamenice.cz\/wp-content\/uploads\/2019\/02\/0-20.jpg\" target=\"_blank\" rel=\"noopener\"><img loading=\"lazy\" decoding=\"async\" class=\"alignleft wp-image-492 \" src=\"http:\/\/www.fckamenice.cz\/wp-content\/uploads\/2019\/02\/0-20-150x150.jpg\" alt=\"\" width=\"60\" height=\"60\" \/><\/a> <a href=\"http:\/\/www.fckamenice.cz\/wp-content\/uploads\/2019\/02\/1-19.jpg\" target=\"_blank\" rel=\"noopener\"><img loading=\"lazy\" decoding=\"async\" class=\"alignleft wp-image-493 \" src=\"http:\/\/www.fckamenice.cz\/wp-content\/uploads\/2019\/02\/1-19-150x150.jpg\" alt=\"\" width=\"60\" height=\"60\" \/><\/a> <a href=\"http:\/\/www.fckamenice.cz\/wp-content\/uploads\/2019\/02\/2-17.jpg\" target=\"_blank\" rel=\"noopener\"><img loading=\"lazy\" decoding=\"async\" class=\"alignleft wp-image-494 \" src=\"http:\/\/www.fckamenice.cz\/wp-content\/uploads\/2019\/02\/2-17-150x150.jpg\" alt=\"\" width=\"60\" height=\"60\" \/><\/a> <a href=\"http:\/\/www.fckamenice.cz\/wp-content\/uploads\/2019\/02\/3-17.jpg\" target=\"_blank\" rel=\"noopener\"><img loading=\"lazy\" decoding=\"async\" class=\"alignleft wp-image-495 \" src=\"http:\/\/www.fckamenice.cz\/wp-content\/uploads\/2019\/02\/3-17-150x150.jpg\" alt=\"\" width=\"60\" height=\"60\" \/><\/a> <a href=\"http:\/\/www.fckamenice.cz\/wp-content\/uploads\/2019\/02\/4-15.jpg\" target=\"_blank\" rel=\"noopener\"><img loading=\"lazy\" decoding=\"async\" class=\"alignleft wp-image-496 \" src=\"http:\/\/www.fckamenice.cz\/wp-content\/uploads\/2019\/02\/4-15-150x150.jpg\" alt=\"\" width=\"60\" height=\"60\" \/><\/a> <a href=\"http:\/\/www.fckamenice.cz\/wp-content\/uploads\/2019\/02\/5-13.jpg\" target=\"_blank\" rel=\"noopener\"><img loading=\"lazy\" decoding=\"async\" class=\"alignleft wp-image-497 \" src=\"http:\/\/www.fckamenice.cz\/wp-content\/uploads\/2019\/02\/5-13-150x150.jpg\" alt=\"\" width=\"60\" height=\"60\" \/><\/a><\/p>\n<p>&nbsp;<\/p>\n<p>&nbsp;<\/p>\n<p>&nbsp;<\/p>\n<p>&nbsp;<\/p>\n<p>&nbsp;<\/p>\n<p>&nbsp;<\/p>\n<p>&nbsp;<\/p>\n<p>&nbsp;<\/p>\n<p>&nbsp;<\/p>\n<p>&nbsp;<\/p>\n<p>&nbsp;<\/p>\n<p>&nbsp;<\/p>\n<p>&nbsp;<\/p>\n<p>&nbsp;<\/p>\n<p>&nbsp;<\/p>\n<p>&nbsp;<\/p>\n<p>&nbsp;<\/p>\n<p>&nbsp;<\/p>\n<p>&nbsp;<\/p>\n<p>&nbsp;<\/p>\n<p>&nbsp;<\/p>\n<p>&nbsp;<\/p>\n<p>&nbsp;<\/p>\n","protected":false},"excerpt":{"rendered":"<p>2015 kv\u011bten Doln\u00ed Libchava 2 &#8211; Kamenice 0 &nbsp; &nbsp; &nbsp; &nbsp; 2015 kv\u011bten Kamenice 4 &#8211; Horn\u00ed Police 1 &nbsp; &nbsp; &nbsp; &nbsp; 2015 \u0159\u00edjen Kamenice 0 &#8211; Dubice 6 &nbsp; &nbsp; 2015 \u0159\u00edjen Sosnov\u00e1 1 &#8211; Kamenice 2 &nbsp; &nbsp; &nbsp; &nbsp; &nbsp; &nbsp; &nbsp; &nbsp; &nbsp; &nbsp; &nbsp; &nbsp; &nbsp; &nbsp; &nbsp; [&hellip;]<\/p>\n","protected":false},"author":1,"featured_media":0,"parent":103,"menu_order":9,"comment_status":"closed","ping_status":"closed","template":"page-templates\/full-width.php","meta":{"footnotes":""},"class_list":["post-458","page","type-page","status-publish","hentry"],"_links":{"self":[{"href":"https:\/\/www.fckamenice.cz\/index.php\/wp-json\/wp\/v2\/pages\/458","targetHints":{"allow":["GET"]}}],"collection":[{"href":"https:\/\/www.fckamenice.cz\/index.php\/wp-json\/wp\/v2\/pages"}],"about":[{"href":"https:\/\/www.fckamenice.cz\/index.php\/wp-json\/wp\/v2\/types\/page"}],"author":[{"embeddable":true,"href":"https:\/\/www.fckamenice.cz\/index.php\/wp-json\/wp\/v2\/users\/1"}],"replies":[{"embeddable":true,"href":"https:\/\/www.fckamenice.cz\/index.php\/wp-json\/wp\/v2\/comments?post=458"}],"version-history":[{"count":6,"href":"https:\/\/www.fckamenice.cz\/index.php\/wp-json\/wp\/v2\/pages\/458\/revisions"}],"predecessor-version":[{"id":498,"href":"https:\/\/www.fckamenice.cz\/index.php\/wp-json\/wp\/v2\/pages\/458\/revisions\/498"}],"up":[{"embeddable":true,"href":"https:\/\/www.fckamenice.cz\/index.php\/wp-json\/wp\/v2\/pages\/103"}],"wp:attachment":[{"href":"https:\/\/www.fckamenice.cz\/index.php\/wp-json\/wp\/v2\/media?parent=458"}],"curies":[{"name":"wp","href":"https:\/\/api.w.org\/{rel}","templated":true}]}}