{"id":408,"date":"2019-02-02T21:27:04","date_gmt":"2019-02-02T21:27:04","guid":{"rendered":"http:\/\/www.fckamenice.cz\/?page_id=408"},"modified":"2019-02-02T21:41:33","modified_gmt":"2019-02-02T21:41:33","slug":"2014-2","status":"publish","type":"page","link":"https:\/\/www.fckamenice.cz\/index.php\/galerie\/2014-2\/","title":{"rendered":"2014"},"content":{"rendered":"<p>2014 duben Kamenice 11 &#8211; Zahr\u00e1dky 0<\/p>\n<p><a href=\"http:\/\/www.fckamenice.cz\/wp-content\/uploads\/2019\/02\/0-12.jpg\" target=\"_blank\" rel=\"noopener\"><img loading=\"lazy\" decoding=\"async\" class=\"alignleft wp-image-409 \" src=\"http:\/\/www.fckamenice.cz\/wp-content\/uploads\/2019\/02\/0-12-150x150.jpg\" alt=\"\" width=\"60\" height=\"60\" \/><\/a> <a href=\"http:\/\/www.fckamenice.cz\/wp-content\/uploads\/2019\/02\/1-11.jpg\" target=\"_blank\" rel=\"noopener\"><img loading=\"lazy\" decoding=\"async\" class=\"alignleft wp-image-410 \" src=\"http:\/\/www.fckamenice.cz\/wp-content\/uploads\/2019\/02\/1-11-150x150.jpg\" alt=\"\" width=\"60\" height=\"60\" \/><\/a> <a href=\"http:\/\/www.fckamenice.cz\/wp-content\/uploads\/2019\/02\/2-9.jpg\" target=\"_blank\" rel=\"noopener\"><img loading=\"lazy\" decoding=\"async\" class=\"alignleft wp-image-411 \" src=\"http:\/\/www.fckamenice.cz\/wp-content\/uploads\/2019\/02\/2-9-150x150.jpg\" alt=\"\" width=\"60\" height=\"60\" \/><\/a> <a href=\"http:\/\/www.fckamenice.cz\/wp-content\/uploads\/2019\/02\/3-9.jpg\" target=\"_blank\" rel=\"noopener\"><img loading=\"lazy\" decoding=\"async\" class=\"alignleft wp-image-412 \" src=\"http:\/\/www.fckamenice.cz\/wp-content\/uploads\/2019\/02\/3-9-150x150.jpg\" alt=\"\" width=\"60\" height=\"60\" \/><\/a> <a href=\"http:\/\/www.fckamenice.cz\/wp-content\/uploads\/2019\/02\/4-8.jpg\" target=\"_blank\" rel=\"noopener\"><img loading=\"lazy\" decoding=\"async\" class=\"alignleft wp-image-413 \" src=\"http:\/\/www.fckamenice.cz\/wp-content\/uploads\/2019\/02\/4-8-150x150.jpg\" alt=\"\" width=\"60\" height=\"60\" \/><\/a> <a href=\"http:\/\/www.fckamenice.cz\/wp-content\/uploads\/2019\/02\/5-6.jpg\" target=\"_blank\" rel=\"noopener\"><img loading=\"lazy\" decoding=\"async\" class=\"alignleft wp-image-414 \" src=\"http:\/\/www.fckamenice.cz\/wp-content\/uploads\/2019\/02\/5-6-150x150.jpg\" alt=\"\" width=\"60\" height=\"60\" \/><\/a> <a href=\"http:\/\/www.fckamenice.cz\/wp-content\/uploads\/2019\/02\/6-5.jpg\" target=\"_blank\" rel=\"noopener\"><img loading=\"lazy\" decoding=\"async\" class=\"alignleft wp-image-415 \" src=\"http:\/\/www.fckamenice.cz\/wp-content\/uploads\/2019\/02\/6-5-150x150.jpg\" alt=\"\" width=\"60\" height=\"60\" \/><\/a><\/p>\n<p>&nbsp;<\/p>\n<p>&nbsp;<\/p>\n<p>2014 \u010derven Kamenick\u00fd \u0160enov &#8211; Kamenice<\/p>\n<p><a href=\"http:\/\/www.fckamenice.cz\/wp-content\/uploads\/2019\/02\/0-13.jpg\" target=\"_blank\" rel=\"noopener\"><img loading=\"lazy\" decoding=\"async\" class=\"alignleft wp-image-417 \" src=\"http:\/\/www.fckamenice.cz\/wp-content\/uploads\/2019\/02\/0-13-150x150.jpg\" alt=\"\" width=\"60\" height=\"60\" \/><\/a> <a href=\"http:\/\/www.fckamenice.cz\/wp-content\/uploads\/2019\/02\/1-12.jpg\" target=\"_blank\" rel=\"noopener\"><img loading=\"lazy\" decoding=\"async\" class=\"alignleft wp-image-418 \" src=\"http:\/\/www.fckamenice.cz\/wp-content\/uploads\/2019\/02\/1-12-150x150.jpg\" alt=\"\" width=\"60\" height=\"60\" \/><\/a> <a href=\"http:\/\/www.fckamenice.cz\/wp-content\/uploads\/2019\/02\/2-10.jpg\" target=\"_blank\" rel=\"noopener\"><img loading=\"lazy\" decoding=\"async\" class=\"alignleft wp-image-419 \" src=\"http:\/\/www.fckamenice.cz\/wp-content\/uploads\/2019\/02\/2-10-150x150.jpg\" alt=\"\" width=\"60\" height=\"60\" \/><\/a> <a href=\"http:\/\/www.fckamenice.cz\/wp-content\/uploads\/2019\/02\/3-10.jpg\" target=\"_blank\" rel=\"noopener\"><img loading=\"lazy\" decoding=\"async\" class=\"alignleft wp-image-421 \" src=\"http:\/\/www.fckamenice.cz\/wp-content\/uploads\/2019\/02\/3-10-150x150.jpg\" alt=\"\" width=\"60\" height=\"60\" \/><\/a> <a href=\"http:\/\/www.fckamenice.cz\/wp-content\/uploads\/2019\/02\/4-9.jpg\" target=\"_blank\" rel=\"noopener\"><img loading=\"lazy\" decoding=\"async\" class=\"alignleft wp-image-422 \" src=\"http:\/\/www.fckamenice.cz\/wp-content\/uploads\/2019\/02\/4-9-150x150.jpg\" alt=\"\" width=\"60\" height=\"60\" \/><\/a> <a href=\"http:\/\/www.fckamenice.cz\/wp-content\/uploads\/2019\/02\/5-7.jpg\" target=\"_blank\" rel=\"noopener\"><img loading=\"lazy\" decoding=\"async\" class=\"alignleft wp-image-423 \" src=\"http:\/\/www.fckamenice.cz\/wp-content\/uploads\/2019\/02\/5-7-150x150.jpg\" alt=\"\" width=\"60\" height=\"60\" \/><\/a> <a href=\"http:\/\/www.fckamenice.cz\/wp-content\/uploads\/2019\/02\/6-6.jpg\" target=\"_blank\" rel=\"noopener\"><img loading=\"lazy\" decoding=\"async\" class=\"alignleft wp-image-424 \" src=\"http:\/\/www.fckamenice.cz\/wp-content\/uploads\/2019\/02\/6-6-150x150.jpg\" alt=\"\" width=\"60\" height=\"60\" \/><\/a> <a href=\"http:\/\/www.fckamenice.cz\/wp-content\/uploads\/2019\/02\/7-3.jpg\" target=\"_blank\" rel=\"noopener\"><img loading=\"lazy\" decoding=\"async\" class=\"alignleft wp-image-425 \" src=\"http:\/\/www.fckamenice.cz\/wp-content\/uploads\/2019\/02\/7-3-150x150.jpg\" alt=\"\" width=\"60\" height=\"60\" \/><\/a> <a href=\"http:\/\/www.fckamenice.cz\/wp-content\/uploads\/2019\/02\/8-2.jpg\" target=\"_blank\" rel=\"noopener\"><img loading=\"lazy\" decoding=\"async\" class=\"alignleft wp-image-426 \" src=\"http:\/\/www.fckamenice.cz\/wp-content\/uploads\/2019\/02\/8-2-150x150.jpg\" alt=\"\" width=\"60\" height=\"60\" \/><\/a> <a href=\"http:\/\/www.fckamenice.cz\/wp-content\/uploads\/2019\/02\/9-1.jpg\" target=\"_blank\" rel=\"noopener\"><img loading=\"lazy\" decoding=\"async\" class=\"alignleft wp-image-427 \" src=\"http:\/\/www.fckamenice.cz\/wp-content\/uploads\/2019\/02\/9-1-150x150.jpg\" alt=\"\" width=\"60\" height=\"60\" \/><\/a> <a href=\"http:\/\/www.fckamenice.cz\/wp-content\/uploads\/2019\/02\/10-1.jpg\" target=\"_blank\" rel=\"noopener\"><img loading=\"lazy\" decoding=\"async\" class=\"alignleft wp-image-428 \" src=\"http:\/\/www.fckamenice.cz\/wp-content\/uploads\/2019\/02\/10-1-150x150.jpg\" alt=\"\" width=\"60\" height=\"60\" \/><\/a> <a href=\"http:\/\/www.fckamenice.cz\/wp-content\/uploads\/2019\/02\/11-1.jpg\" target=\"_blank\" rel=\"noopener\"><img loading=\"lazy\" decoding=\"async\" class=\"alignleft wp-image-429 \" src=\"http:\/\/www.fckamenice.cz\/wp-content\/uploads\/2019\/02\/11-1-150x150.jpg\" alt=\"\" width=\"60\" height=\"60\" \/><\/a> <a href=\"http:\/\/www.fckamenice.cz\/wp-content\/uploads\/2019\/02\/12-1.jpg\" target=\"_blank\" rel=\"noopener\"><img loading=\"lazy\" decoding=\"async\" class=\"alignleft wp-image-430 \" src=\"http:\/\/www.fckamenice.cz\/wp-content\/uploads\/2019\/02\/12-1-150x150.jpg\" alt=\"\" width=\"60\" height=\"60\" \/><\/a> <a href=\"http:\/\/www.fckamenice.cz\/wp-content\/uploads\/2019\/02\/13-1.jpg\" target=\"_blank\" rel=\"noopener\"><img loading=\"lazy\" decoding=\"async\" class=\"alignleft wp-image-431 \" src=\"http:\/\/www.fckamenice.cz\/wp-content\/uploads\/2019\/02\/13-1-150x150.jpg\" alt=\"\" width=\"60\" height=\"60\" \/><\/a> <a href=\"http:\/\/www.fckamenice.cz\/wp-content\/uploads\/2019\/02\/14-1.jpg\" target=\"_blank\" rel=\"noopener\"><img loading=\"lazy\" decoding=\"async\" class=\"alignleft wp-image-432 \" src=\"http:\/\/www.fckamenice.cz\/wp-content\/uploads\/2019\/02\/14-1-150x150.jpg\" alt=\"\" width=\"60\" height=\"60\" \/><\/a><\/p>\n<p>&nbsp;<\/p>\n<p>&nbsp;<\/p>\n<p>&nbsp;<\/p>\n<p>&nbsp;<\/p>\n<p>&nbsp;<\/p>\n<p>&nbsp;<\/p>\n<p>2014 \u010derven Kamenice 5 &#8211; Nov\u00fd Old\u0159ichov 2<\/p>\n<p><a href=\"http:\/\/www.fckamenice.cz\/wp-content\/uploads\/2019\/02\/0-14.jpg\" target=\"_blank\" rel=\"noopener\"><img loading=\"lazy\" decoding=\"async\" class=\"alignleft wp-image-434 \" src=\"http:\/\/www.fckamenice.cz\/wp-content\/uploads\/2019\/02\/0-14-150x150.jpg\" alt=\"\" width=\"60\" height=\"60\" \/><\/a> <a href=\"http:\/\/www.fckamenice.cz\/wp-content\/uploads\/2019\/02\/1-13.jpg\" target=\"_blank\" rel=\"noopener\"><img loading=\"lazy\" decoding=\"async\" class=\"alignleft wp-image-435 \" src=\"http:\/\/www.fckamenice.cz\/wp-content\/uploads\/2019\/02\/1-13-150x150.jpg\" alt=\"\" width=\"60\" height=\"60\" \/><\/a> <a href=\"http:\/\/www.fckamenice.cz\/wp-content\/uploads\/2019\/02\/2-11.jpg\" target=\"_blank\" rel=\"noopener\"><img loading=\"lazy\" decoding=\"async\" class=\"alignleft wp-image-436 \" src=\"http:\/\/www.fckamenice.cz\/wp-content\/uploads\/2019\/02\/2-11-150x150.jpg\" alt=\"\" width=\"60\" height=\"60\" \/><\/a> <a href=\"http:\/\/www.fckamenice.cz\/wp-content\/uploads\/2019\/02\/3-11.jpg\" target=\"_blank\" rel=\"noopener\"><img loading=\"lazy\" decoding=\"async\" class=\"alignleft wp-image-437 \" src=\"http:\/\/www.fckamenice.cz\/wp-content\/uploads\/2019\/02\/3-11-150x150.jpg\" alt=\"\" width=\"60\" height=\"60\" \/><\/a> <a href=\"http:\/\/www.fckamenice.cz\/wp-content\/uploads\/2019\/02\/4-10.jpg\" target=\"_blank\" rel=\"noopener\"><img loading=\"lazy\" decoding=\"async\" class=\"alignleft wp-image-438 \" src=\"http:\/\/www.fckamenice.cz\/wp-content\/uploads\/2019\/02\/4-10-150x150.jpg\" alt=\"\" width=\"60\" height=\"60\" \/><\/a> <a href=\"http:\/\/www.fckamenice.cz\/wp-content\/uploads\/2019\/02\/5-8.jpg\" target=\"_blank\" rel=\"noopener\"><img loading=\"lazy\" decoding=\"async\" class=\"alignleft wp-image-439 \" src=\"http:\/\/www.fckamenice.cz\/wp-content\/uploads\/2019\/02\/5-8-150x150.jpg\" alt=\"\" width=\"60\" height=\"60\" \/><\/a><\/p>\n<p>&nbsp;<\/p>\n<p>&nbsp;<\/p>\n<p>2014 srpen Skalice B 3 &#8211; Kamenice 4<\/p>\n<p><a href=\"http:\/\/www.fckamenice.cz\/wp-content\/uploads\/2019\/02\/0-15.jpg\" target=\"_blank\" rel=\"noopener\"><img loading=\"lazy\" decoding=\"async\" class=\"alignleft wp-image-441 \" src=\"http:\/\/www.fckamenice.cz\/wp-content\/uploads\/2019\/02\/0-15-150x150.jpg\" alt=\"\" width=\"59\" height=\"59\" \/><\/a> <a href=\"http:\/\/www.fckamenice.cz\/wp-content\/uploads\/2019\/02\/1-14.jpg\" target=\"_blank\" rel=\"noopener\"><img loading=\"lazy\" decoding=\"async\" class=\"alignleft wp-image-442 \" src=\"http:\/\/www.fckamenice.cz\/wp-content\/uploads\/2019\/02\/1-14-150x150.jpg\" alt=\"\" width=\"60\" height=\"60\" \/><\/a> <a href=\"http:\/\/www.fckamenice.cz\/wp-content\/uploads\/2019\/02\/2-12.jpg\" target=\"_blank\" rel=\"noopener\"><img loading=\"lazy\" decoding=\"async\" class=\"alignleft wp-image-443 \" src=\"http:\/\/www.fckamenice.cz\/wp-content\/uploads\/2019\/02\/2-12-150x150.jpg\" alt=\"\" width=\"60\" height=\"60\" \/><\/a> <a href=\"http:\/\/www.fckamenice.cz\/wp-content\/uploads\/2019\/02\/3-12.jpg\" target=\"_blank\" rel=\"noopener\"><img loading=\"lazy\" decoding=\"async\" class=\"alignleft wp-image-444 \" src=\"http:\/\/www.fckamenice.cz\/wp-content\/uploads\/2019\/02\/3-12-150x150.jpg\" alt=\"\" width=\"60\" height=\"60\" \/><\/a> <a href=\"http:\/\/www.fckamenice.cz\/wp-content\/uploads\/2019\/02\/4-11.jpg\" target=\"_blank\" rel=\"noopener\"><img loading=\"lazy\" decoding=\"async\" class=\"alignleft wp-image-445 \" src=\"http:\/\/www.fckamenice.cz\/wp-content\/uploads\/2019\/02\/4-11-150x150.jpg\" alt=\"\" width=\"60\" height=\"60\" \/><\/a> <a href=\"http:\/\/www.fckamenice.cz\/wp-content\/uploads\/2019\/02\/5-9.jpg\" target=\"_blank\" rel=\"noopener\"><img loading=\"lazy\" decoding=\"async\" class=\"alignleft wp-image-446 \" src=\"http:\/\/www.fckamenice.cz\/wp-content\/uploads\/2019\/02\/5-9-150x150.jpg\" alt=\"\" width=\"60\" height=\"60\" \/><\/a><\/p>\n<p>&nbsp;<\/p>\n<p>&nbsp;<\/p>\n<p>2014 \u0159\u00edjen Kamenice 4 &#8211; Dub\u00e1 0<\/p>\n<p><a href=\"http:\/\/www.fckamenice.cz\/wp-content\/uploads\/2019\/02\/0-16.jpg\" target=\"_blank\" rel=\"noopener\"><img loading=\"lazy\" decoding=\"async\" class=\"alignleft wp-image-448 \" src=\"http:\/\/www.fckamenice.cz\/wp-content\/uploads\/2019\/02\/0-16-150x150.jpg\" alt=\"\" width=\"60\" height=\"60\" \/><\/a> <a href=\"http:\/\/www.fckamenice.cz\/wp-content\/uploads\/2019\/02\/1-15.jpg\" target=\"_blank\" rel=\"noopener\"><img loading=\"lazy\" decoding=\"async\" class=\"alignleft wp-image-449 \" src=\"http:\/\/www.fckamenice.cz\/wp-content\/uploads\/2019\/02\/1-15-150x150.jpg\" alt=\"\" width=\"60\" height=\"60\" \/><\/a> <a href=\"http:\/\/www.fckamenice.cz\/wp-content\/uploads\/2019\/02\/2-13.jpg\" target=\"_blank\" rel=\"noopener\"><img loading=\"lazy\" decoding=\"async\" class=\"alignleft wp-image-450 \" src=\"http:\/\/www.fckamenice.cz\/wp-content\/uploads\/2019\/02\/2-13-150x150.jpg\" alt=\"\" width=\"60\" height=\"60\" \/><\/a> <a href=\"http:\/\/www.fckamenice.cz\/wp-content\/uploads\/2019\/02\/3-13.jpg\" target=\"_blank\" rel=\"noopener\"><img loading=\"lazy\" decoding=\"async\" class=\"alignleft wp-image-451 \" src=\"http:\/\/www.fckamenice.cz\/wp-content\/uploads\/2019\/02\/3-13-150x150.jpg\" alt=\"\" width=\"60\" height=\"60\" \/><\/a> <a href=\"http:\/\/www.fckamenice.cz\/wp-content\/uploads\/2019\/02\/4-12.jpg\" target=\"_blank\" rel=\"noopener\"><img loading=\"lazy\" decoding=\"async\" class=\"alignleft wp-image-452 \" src=\"http:\/\/www.fckamenice.cz\/wp-content\/uploads\/2019\/02\/4-12-150x150.jpg\" alt=\"\" width=\"60\" height=\"60\" \/><\/a> <a href=\"http:\/\/www.fckamenice.cz\/wp-content\/uploads\/2019\/02\/5-10.jpg\" target=\"_blank\" rel=\"noopener\"><img loading=\"lazy\" decoding=\"async\" class=\"alignleft wp-image-453 \" src=\"http:\/\/www.fckamenice.cz\/wp-content\/uploads\/2019\/02\/5-10-150x150.jpg\" alt=\"\" width=\"60\" height=\"60\" \/><\/a> <a href=\"http:\/\/www.fckamenice.cz\/wp-content\/uploads\/2019\/02\/6-7.jpg\" target=\"_blank\" rel=\"noopener\"><img loading=\"lazy\" decoding=\"async\" class=\"alignleft wp-image-454 \" src=\"http:\/\/www.fckamenice.cz\/wp-content\/uploads\/2019\/02\/6-7-150x150.jpg\" alt=\"\" width=\"60\" height=\"60\" \/><\/a> <a href=\"http:\/\/www.fckamenice.cz\/wp-content\/uploads\/2019\/02\/7-4.jpg\" target=\"_blank\" rel=\"noopener\"><img loading=\"lazy\" decoding=\"async\" class=\"alignleft wp-image-455 \" src=\"http:\/\/www.fckamenice.cz\/wp-content\/uploads\/2019\/02\/7-4-150x150.jpg\" alt=\"\" width=\"60\" height=\"60\" \/><\/a><\/p>\n<p>&nbsp;<\/p>\n<p>&nbsp;<\/p>\n<p>&nbsp;<\/p>\n<p>&nbsp;<\/p>\n<p>&nbsp;<\/p>\n<p>&nbsp;<\/p>\n<p>&nbsp;<\/p>\n<p>&nbsp;<\/p>\n<p>&nbsp;<\/p>\n<p>&nbsp;<\/p>\n","protected":false},"excerpt":{"rendered":"<p>2014 duben Kamenice 11 &#8211; Zahr\u00e1dky 0 &nbsp; &nbsp; 2014 \u010derven Kamenick\u00fd \u0160enov &#8211; Kamenice &nbsp; &nbsp; &nbsp; &nbsp; &nbsp; &nbsp; 2014 \u010derven Kamenice 5 &#8211; Nov\u00fd Old\u0159ichov 2 &nbsp; &nbsp; 2014 srpen Skalice B 3 &#8211; Kamenice 4 &nbsp; &nbsp; 2014 \u0159\u00edjen Kamenice 4 &#8211; Dub\u00e1 0 &nbsp; &nbsp; &nbsp; &nbsp; &nbsp; &nbsp; &nbsp; [&hellip;]<\/p>\n","protected":false},"author":1,"featured_media":0,"parent":103,"menu_order":8,"comment_status":"closed","ping_status":"closed","template":"page-templates\/full-width.php","meta":{"footnotes":""},"class_list":["post-408","page","type-page","status-publish","hentry"],"_links":{"self":[{"href":"https:\/\/www.fckamenice.cz\/index.php\/wp-json\/wp\/v2\/pages\/408","targetHints":{"allow":["GET"]}}],"collection":[{"href":"https:\/\/www.fckamenice.cz\/index.php\/wp-json\/wp\/v2\/pages"}],"about":[{"href":"https:\/\/www.fckamenice.cz\/index.php\/wp-json\/wp\/v2\/types\/page"}],"author":[{"embeddable":true,"href":"https:\/\/www.fckamenice.cz\/index.php\/wp-json\/wp\/v2\/users\/1"}],"replies":[{"embeddable":true,"href":"https:\/\/www.fckamenice.cz\/index.php\/wp-json\/wp\/v2\/comments?post=408"}],"version-history":[{"count":6,"href":"https:\/\/www.fckamenice.cz\/index.php\/wp-json\/wp\/v2\/pages\/408\/revisions"}],"predecessor-version":[{"id":456,"href":"https:\/\/www.fckamenice.cz\/index.php\/wp-json\/wp\/v2\/pages\/408\/revisions\/456"}],"up":[{"embeddable":true,"href":"https:\/\/www.fckamenice.cz\/index.php\/wp-json\/wp\/v2\/pages\/103"}],"wp:attachment":[{"href":"https:\/\/www.fckamenice.cz\/index.php\/wp-json\/wp\/v2\/media?parent=408"}],"curies":[{"name":"wp","href":"https:\/\/api.w.org\/{rel}","templated":true}]}}