{"id":313,"date":"2019-02-02T20:42:46","date_gmt":"2019-02-02T20:42:46","guid":{"rendered":"http:\/\/www.fckamenice.cz\/?page_id=313"},"modified":"2019-02-02T20:51:44","modified_gmt":"2019-02-02T20:51:44","slug":"1999-2","status":"publish","type":"page","link":"https:\/\/www.fckamenice.cz\/index.php\/galerie\/1999-2\/","title":{"rendered":"1999"},"content":{"rendered":"<p>Z\u00e1\u0159\u00ed 1999 Kamenice &#8211; Varnsdorf<\/p>\n<p><a href=\"http:\/\/www.fckamenice.cz\/wp-content\/uploads\/2019\/02\/0-3.jpg\" target=\"_blank\" rel=\"noopener\"><img loading=\"lazy\" decoding=\"async\" class=\"alignleft wp-image-333 \" src=\"http:\/\/www.fckamenice.cz\/wp-content\/uploads\/2019\/02\/0-3-150x150.jpg\" alt=\"\" width=\"50\" height=\"50\" \/><\/a> <a href=\"http:\/\/www.fckamenice.cz\/wp-content\/uploads\/2019\/02\/1-3.jpg\" target=\"_blank\" rel=\"noopener\"><img loading=\"lazy\" decoding=\"async\" class=\"alignleft wp-image-334 \" src=\"http:\/\/www.fckamenice.cz\/wp-content\/uploads\/2019\/02\/1-3-150x150.jpg\" alt=\"\" width=\"50\" height=\"50\" \/><\/a> <a href=\"http:\/\/www.fckamenice.cz\/wp-content\/uploads\/2019\/02\/2-2.jpg\" target=\"_blank\" rel=\"noopener\"><img loading=\"lazy\" decoding=\"async\" class=\"alignleft wp-image-335 \" src=\"http:\/\/www.fckamenice.cz\/wp-content\/uploads\/2019\/02\/2-2-150x150.jpg\" alt=\"\" width=\"50\" height=\"50\" \/><\/a> <a href=\"http:\/\/www.fckamenice.cz\/wp-content\/uploads\/2019\/02\/3-2.jpg\" target=\"_blank\" rel=\"noopener\"><img loading=\"lazy\" decoding=\"async\" class=\"alignleft wp-image-336 \" src=\"http:\/\/www.fckamenice.cz\/wp-content\/uploads\/2019\/02\/3-2-150x150.jpg\" alt=\"\" width=\"50\" height=\"50\" \/><\/a><\/p>\n<p>&nbsp;<\/p>\n<p>&nbsp;<\/p>\n<p>Listopad 1999 Doksy 1 &#8211; Kamenice 0<\/p>\n<p><a href=\"http:\/\/www.fckamenice.cz\/wp-content\/uploads\/2019\/02\/6.jpg\" target=\"_blank\" rel=\"noopener\"><img loading=\"lazy\" decoding=\"async\" class=\"alignleft wp-image-307 \" src=\"http:\/\/www.fckamenice.cz\/wp-content\/uploads\/2019\/02\/6-150x150.jpg\" alt=\"\" width=\"50\" height=\"50\" \/><\/a> <a href=\"http:\/\/www.fckamenice.cz\/wp-content\/uploads\/2019\/02\/4.jpg\" target=\"_blank\" rel=\"noopener\"><img loading=\"lazy\" decoding=\"async\" class=\"alignleft wp-image-305 \" src=\"http:\/\/www.fckamenice.cz\/wp-content\/uploads\/2019\/02\/4-150x150.jpg\" alt=\"\" width=\"50\" height=\"50\" \/><\/a> <a href=\"http:\/\/www.fckamenice.cz\/wp-content\/uploads\/2019\/02\/5.jpg\" target=\"_blank\" rel=\"noopener\"><img loading=\"lazy\" decoding=\"async\" class=\"alignleft wp-image-306 \" src=\"http:\/\/www.fckamenice.cz\/wp-content\/uploads\/2019\/02\/5-150x150.jpg\" alt=\"\" width=\"50\" height=\"50\" \/><\/a> <a href=\"http:\/\/www.fckamenice.cz\/wp-content\/uploads\/2019\/02\/3.jpg\" target=\"_blank\" rel=\"noopener\"><img loading=\"lazy\" decoding=\"async\" class=\"alignleft wp-image-304 \" src=\"http:\/\/www.fckamenice.cz\/wp-content\/uploads\/2019\/02\/3-150x150.jpg\" alt=\"\" width=\"50\" height=\"50\" \/><\/a> <a href=\"http:\/\/www.fckamenice.cz\/wp-content\/uploads\/2019\/02\/1-1.jpg\" target=\"_blank\" rel=\"noopener\"><img loading=\"lazy\" decoding=\"async\" class=\"alignleft wp-image-302\" src=\"http:\/\/www.fckamenice.cz\/wp-content\/uploads\/2019\/02\/1-1-150x150.jpg\" alt=\"\" width=\"50\" height=\"50\" \/><\/a> <a href=\"http:\/\/www.fckamenice.cz\/wp-content\/uploads\/2019\/02\/2.jpg\" target=\"_blank\" rel=\"noopener\"><img loading=\"lazy\" decoding=\"async\" class=\"alignleft wp-image-303 \" src=\"http:\/\/www.fckamenice.cz\/wp-content\/uploads\/2019\/02\/2-150x150.jpg\" alt=\"\" width=\"51\" height=\"51\" \/><\/a> <a href=\"http:\/\/www.fckamenice.cz\/wp-content\/uploads\/2019\/02\/0-1.jpg\" target=\"_blank\" rel=\"noopener\"><img loading=\"lazy\" decoding=\"async\" class=\"alignleft wp-image-301 \" src=\"http:\/\/www.fckamenice.cz\/wp-content\/uploads\/2019\/02\/0-1-150x150.jpg\" alt=\"\" width=\"50\" height=\"50\" \/><\/a><\/p>\n<p>&nbsp;<\/p>\n<p>&nbsp;<\/p>\n<p>Listopad 1999 Srandamatch &#8211; rozlu\u010dka<\/p>\n<p><a href=\"http:\/\/www.fckamenice.cz\/wp-content\/uploads\/2019\/02\/0-2.jpg\" target=\"_blank\" rel=\"noopener\"><img loading=\"lazy\" decoding=\"async\" class=\"alignleft wp-image-316 \" src=\"http:\/\/www.fckamenice.cz\/wp-content\/uploads\/2019\/02\/0-2-150x150.jpg\" alt=\"\" width=\"50\" height=\"50\" \/><\/a> <a href=\"http:\/\/www.fckamenice.cz\/wp-content\/uploads\/2019\/02\/1-2.jpg\" target=\"_blank\" rel=\"noopener\"><img loading=\"lazy\" decoding=\"async\" class=\"alignleft wp-image-317 \" src=\"http:\/\/www.fckamenice.cz\/wp-content\/uploads\/2019\/02\/1-2-150x150.jpg\" alt=\"\" width=\"50\" height=\"50\" \/><\/a> <a href=\"http:\/\/www.fckamenice.cz\/wp-content\/uploads\/2019\/02\/2-1.jpg\" target=\"_blank\" rel=\"noopener\"><img loading=\"lazy\" decoding=\"async\" class=\"alignleft wp-image-318 \" src=\"http:\/\/www.fckamenice.cz\/wp-content\/uploads\/2019\/02\/2-1-150x150.jpg\" alt=\"\" width=\"50\" height=\"50\" \/><\/a> <a href=\"http:\/\/www.fckamenice.cz\/wp-content\/uploads\/2019\/02\/3-1.jpg\" target=\"_blank\" rel=\"noopener\"><img loading=\"lazy\" decoding=\"async\" class=\"alignleft wp-image-319 \" src=\"http:\/\/www.fckamenice.cz\/wp-content\/uploads\/2019\/02\/3-1-150x150.jpg\" alt=\"\" width=\"50\" height=\"50\" \/><\/a> <a href=\"http:\/\/www.fckamenice.cz\/wp-content\/uploads\/2019\/02\/4-1.jpg\" target=\"_blank\" rel=\"noopener\"><img loading=\"lazy\" decoding=\"async\" class=\"alignleft wp-image-320 \" src=\"http:\/\/www.fckamenice.cz\/wp-content\/uploads\/2019\/02\/4-1-150x150.jpg\" alt=\"\" width=\"50\" height=\"50\" \/><\/a> <a href=\"http:\/\/www.fckamenice.cz\/wp-content\/uploads\/2019\/02\/5-1.jpg\" target=\"_blank\" rel=\"noopener\"><img loading=\"lazy\" decoding=\"async\" class=\"alignleft wp-image-321 \" src=\"http:\/\/www.fckamenice.cz\/wp-content\/uploads\/2019\/02\/5-1-150x150.jpg\" alt=\"\" width=\"50\" height=\"50\" \/><\/a> <a href=\"http:\/\/www.fckamenice.cz\/wp-content\/uploads\/2019\/02\/6-1.jpg\" target=\"_blank\" rel=\"noopener\"><img loading=\"lazy\" decoding=\"async\" class=\"alignleft wp-image-322 \" src=\"http:\/\/www.fckamenice.cz\/wp-content\/uploads\/2019\/02\/6-1-150x150.jpg\" alt=\"\" width=\"50\" height=\"50\" \/><\/a> <a href=\"http:\/\/www.fckamenice.cz\/wp-content\/uploads\/2019\/02\/7.jpg\" target=\"_blank\" rel=\"noopener\"><img loading=\"lazy\" decoding=\"async\" class=\"alignleft wp-image-323 \" src=\"http:\/\/www.fckamenice.cz\/wp-content\/uploads\/2019\/02\/7-150x150.jpg\" alt=\"\" width=\"50\" height=\"50\" \/><\/a> <a href=\"http:\/\/www.fckamenice.cz\/wp-content\/uploads\/2019\/02\/8.jpg\" target=\"_blank\" rel=\"noopener\"><img loading=\"lazy\" decoding=\"async\" class=\"alignleft wp-image-324 \" src=\"http:\/\/www.fckamenice.cz\/wp-content\/uploads\/2019\/02\/8-150x150.jpg\" alt=\"\" width=\"50\" height=\"50\" \/><\/a> <a href=\"http:\/\/www.fckamenice.cz\/wp-content\/uploads\/2019\/02\/9.jpg\" target=\"_blank\" rel=\"noopener\"><img loading=\"lazy\" decoding=\"async\" class=\"alignleft wp-image-325 \" src=\"http:\/\/www.fckamenice.cz\/wp-content\/uploads\/2019\/02\/9-150x150.jpg\" alt=\"\" width=\"50\" height=\"50\" \/><\/a> <a href=\"http:\/\/www.fckamenice.cz\/wp-content\/uploads\/2019\/02\/10.jpg\" target=\"_blank\" rel=\"noopener\"><img loading=\"lazy\" decoding=\"async\" class=\"alignleft wp-image-326 \" src=\"http:\/\/www.fckamenice.cz\/wp-content\/uploads\/2019\/02\/10-150x150.jpg\" alt=\"\" width=\"50\" height=\"50\" \/><\/a> <a href=\"http:\/\/www.fckamenice.cz\/wp-content\/uploads\/2019\/02\/11.jpg\" target=\"_blank\" rel=\"noopener\"><img loading=\"lazy\" decoding=\"async\" class=\"alignleft wp-image-327 \" src=\"http:\/\/www.fckamenice.cz\/wp-content\/uploads\/2019\/02\/11-150x150.jpg\" alt=\"\" width=\"50\" height=\"50\" \/><\/a> <a href=\"http:\/\/www.fckamenice.cz\/wp-content\/uploads\/2019\/02\/12.jpg\" target=\"_blank\" rel=\"noopener\"><img loading=\"lazy\" decoding=\"async\" class=\"alignleft wp-image-328 \" src=\"http:\/\/www.fckamenice.cz\/wp-content\/uploads\/2019\/02\/12-150x150.jpg\" alt=\"\" width=\"50\" height=\"50\" \/><\/a> <a href=\"http:\/\/www.fckamenice.cz\/wp-content\/uploads\/2019\/02\/13.jpg\" target=\"_blank\" rel=\"noopener\"><img loading=\"lazy\" decoding=\"async\" class=\"alignleft wp-image-329 \" src=\"http:\/\/www.fckamenice.cz\/wp-content\/uploads\/2019\/02\/13-150x150.jpg\" alt=\"\" width=\"50\" height=\"50\" \/><\/a> <a href=\"http:\/\/www.fckamenice.cz\/wp-content\/uploads\/2019\/02\/14.jpg\" target=\"_blank\" rel=\"noopener\"><img loading=\"lazy\" decoding=\"async\" class=\"alignleft wp-image-330 \" src=\"http:\/\/www.fckamenice.cz\/wp-content\/uploads\/2019\/02\/14-150x150.jpg\" alt=\"\" width=\"50\" height=\"50\" \/><\/a><\/p>\n<p>&nbsp;<\/p>\n<p>&nbsp;<\/p>\n<p>&nbsp;<\/p>\n","protected":false},"excerpt":{"rendered":"<p>Z\u00e1\u0159\u00ed 1999 Kamenice &#8211; Varnsdorf &nbsp; &nbsp; Listopad 1999 Doksy 1 &#8211; Kamenice 0 &nbsp; &nbsp; Listopad 1999 Srandamatch &#8211; rozlu\u010dka &nbsp; &nbsp; &nbsp;<\/p>\n","protected":false},"author":1,"featured_media":0,"parent":103,"menu_order":2,"comment_status":"closed","ping_status":"closed","template":"page-templates\/full-width.php","meta":{"footnotes":""},"class_list":["post-313","page","type-page","status-publish","hentry"],"_links":{"self":[{"href":"https:\/\/www.fckamenice.cz\/index.php\/wp-json\/wp\/v2\/pages\/313","targetHints":{"allow":["GET"]}}],"collection":[{"href":"https:\/\/www.fckamenice.cz\/index.php\/wp-json\/wp\/v2\/pages"}],"about":[{"href":"https:\/\/www.fckamenice.cz\/index.php\/wp-json\/wp\/v2\/types\/page"}],"author":[{"embeddable":true,"href":"https:\/\/www.fckamenice.cz\/index.php\/wp-json\/wp\/v2\/users\/1"}],"replies":[{"embeddable":true,"href":"https:\/\/www.fckamenice.cz\/index.php\/wp-json\/wp\/v2\/comments?post=313"}],"version-history":[{"count":4,"href":"https:\/\/www.fckamenice.cz\/index.php\/wp-json\/wp\/v2\/pages\/313\/revisions"}],"predecessor-version":[{"id":337,"href":"https:\/\/www.fckamenice.cz\/index.php\/wp-json\/wp\/v2\/pages\/313\/revisions\/337"}],"up":[{"embeddable":true,"href":"https:\/\/www.fckamenice.cz\/index.php\/wp-json\/wp\/v2\/pages\/103"}],"wp:attachment":[{"href":"https:\/\/www.fckamenice.cz\/index.php\/wp-json\/wp\/v2\/media?parent=313"}],"curies":[{"name":"wp","href":"https:\/\/api.w.org\/{rel}","templated":true}]}}