{"id":1601,"date":"2025-12-06T12:32:43","date_gmt":"2025-12-06T12:32:43","guid":{"rendered":"http:\/\/www.fckamenice.cz\/?page_id=1601"},"modified":"2026-04-04T21:33:36","modified_gmt":"2026-04-04T21:33:36","slug":"socialni-site","status":"publish","type":"page","link":"https:\/\/www.fckamenice.cz\/index.php\/socialni-site\/","title":{"rendered":"Soci\u00e1ln\u00ed S\u00edt\u011b"},"content":{"rendered":"<p style=\"text-align: left;\"><a href=\"https:\/\/www.facebook.com\/groups\/2323453397928726\/\"><img loading=\"lazy\" decoding=\"async\" class=\"alignleft size-full wp-image-1681\" src=\"http:\/\/www.fckamenice.cz\/wp-content\/uploads\/2026\/01\/facebook.png\" alt=\"\" width=\"225\" height=\"225\" srcset=\"https:\/\/www.fckamenice.cz\/wp-content\/uploads\/2026\/01\/facebook.png 225w, https:\/\/www.fckamenice.cz\/wp-content\/uploads\/2026\/01\/facebook-150x150.png 150w, https:\/\/www.fckamenice.cz\/wp-content\/uploads\/2026\/01\/facebook-100x100.png 100w\" sizes=\"auto, (max-width: 225px) 100vw, 225px\" \/><\/a>Zde jsou jedin\u00e9 ofici\u00e1ln\u00ed soci\u00e1ln\u00ed s\u00edt\u011b klubu FC Kamenice:<\/p>\n<p><a href=\"https:\/\/m.twitch.tv\/fckamenice\/home\"><img loading=\"lazy\" decoding=\"async\" class=\"wp-image-1683\" src=\"http:\/\/www.fckamenice.cz\/wp-content\/uploads\/2026\/01\/stream.jpg\" alt=\"\" width=\"297\" height=\"191\" srcset=\"https:\/\/www.fckamenice.cz\/wp-content\/uploads\/2026\/01\/stream.jpg 612w, https:\/\/www.fckamenice.cz\/wp-content\/uploads\/2026\/01\/stream-300x193.jpg 300w\" sizes=\"auto, (max-width: 297px) 100vw, 297px\" \/><\/a><\/p>\n<p><a href=\"http:\/\/www.instagram.com\/fckamenice\"><img loading=\"lazy\" decoding=\"async\" class=\"alignleft size-full wp-image-1715\" src=\"http:\/\/www.fckamenice.cz\/wp-content\/uploads\/2026\/04\/ydyd.jpg\" alt=\"\" width=\"225\" height=\"225\" srcset=\"https:\/\/www.fckamenice.cz\/wp-content\/uploads\/2026\/04\/ydyd.jpg 225w, https:\/\/www.fckamenice.cz\/wp-content\/uploads\/2026\/04\/ydyd-150x150.jpg 150w, https:\/\/www.fckamenice.cz\/wp-content\/uploads\/2026\/04\/ydyd-100x100.jpg 100w\" sizes=\"auto, (max-width: 225px) 100vw, 225px\" \/><\/a><\/p>\n","protected":false},"excerpt":{"rendered":"<p>Zde jsou jedin\u00e9 ofici\u00e1ln\u00ed soci\u00e1ln\u00ed s\u00edt\u011b klubu FC Kamenice:<\/p>\n","protected":false},"author":1,"featured_media":0,"parent":0,"menu_order":0,"comment_status":"closed","ping_status":"closed","template":"","meta":{"footnotes":""},"class_list":["post-1601","page","type-page","status-publish","hentry"],"_links":{"self":[{"href":"https:\/\/www.fckamenice.cz\/index.php\/wp-json\/wp\/v2\/pages\/1601","targetHints":{"allow":["GET"]}}],"collection":[{"href":"https:\/\/www.fckamenice.cz\/index.php\/wp-json\/wp\/v2\/pages"}],"about":[{"href":"https:\/\/www.fckamenice.cz\/index.php\/wp-json\/wp\/v2\/types\/page"}],"author":[{"embeddable":true,"href":"https:\/\/www.fckamenice.cz\/index.php\/wp-json\/wp\/v2\/users\/1"}],"replies":[{"embeddable":true,"href":"https:\/\/www.fckamenice.cz\/index.php\/wp-json\/wp\/v2\/comments?post=1601"}],"version-history":[{"count":13,"href":"https:\/\/www.fckamenice.cz\/index.php\/wp-json\/wp\/v2\/pages\/1601\/revisions"}],"predecessor-version":[{"id":1716,"href":"https:\/\/www.fckamenice.cz\/index.php\/wp-json\/wp\/v2\/pages\/1601\/revisions\/1716"}],"wp:attachment":[{"href":"https:\/\/www.fckamenice.cz\/index.php\/wp-json\/wp\/v2\/media?parent=1601"}],"curies":[{"name":"wp","href":"https:\/\/api.w.org\/{rel}","templated":true}]}}