{"id":16,"date":"2018-02-04T13:48:35","date_gmt":"2018-02-04T13:48:35","guid":{"rendered":"http:\/\/www.fckamenice.cz\/?page_id=16"},"modified":"2026-04-04T21:48:21","modified_gmt":"2026-04-04T21:48:21","slug":"domu","status":"publish","type":"page","link":"https:\/\/www.fckamenice.cz\/","title":{"rendered":"Info"},"content":{"rendered":"<p style=\"text-align: left;\"><b style=\"font-size: 1rem;\">T\u00fdm FC Kamenice d\u011bkuje v\u0161em fanou\u0161k\u016fm za podporu! FC Kamenice 2026<\/b><b style=\"font-size: 1rem;\"><span style=\"color: #0f3647;\"><span style=\"font-weight: 400; font-size: 1rem;\"><a style=\"color: #0f3647; font-weight: 400;\" href=\"http:\/\/www.fckamenice.cz\/index.php\/kontak\/\"><img loading=\"lazy\" decoding=\"async\" class=\"wp-image-56 alignright\" style=\"font-size: 1rem;\" src=\"http:\/\/www.fckamenice.cz\/wp-content\/uploads\/2018\/02\/znak-261x300.jpg\" alt=\"\" width=\"61\" height=\"70\" \/><\/a><\/span><\/span><\/b><b style=\"font-size: 1rem;\"><\/b><strong>\u00a0 \u00a0 \u00a0 \u00a0 \u00a0 \u00a0 \u00a0 \u00a0 \u00a0 \u00a0 \u00a0 \u00a0 \u00a0 \u00a0 \u00a0 \u00a0 \u00a0 \u00a0 \u00a0 \u00a0 \u00a0 \u00a0 \u00a0 \u00a0<\/strong><\/p>\n<p><a href=\"https:\/\/fckamenice.base44.app\/Home\"><img loading=\"lazy\" decoding=\"async\" class=\"alignleft size-full wp-image-1692\" src=\"http:\/\/www.fckamenice.cz\/wp-content\/uploads\/2026\/03\/Sn\u00edmek-obrazovky-2026-03-14-192437.png\" alt=\"\" width=\"225\" height=\"52\" \/><\/a><\/p>\n<p>&nbsp;<\/p>\n<p>&nbsp;<\/p>\n<p><em><strong>NOV\u00c1 APLIKACE KLIKN\u011aTE NA \u010cERNOZELEN\u00dd OBD\u00c9LN\u00cd\u010cEK (NAHO\u0158E)\u00a0 !!! V\u011bt\u0161ina aktu\u00e1ln\u00edch informac\u00ed s p\u0159esnost\u00ed *1 minuty*, bude v t\u00e9to aplikaci (\u010dasov\u00e1 osa, tabulka, \u017eiv\u00e9 v\u00fdsledky, minul\u00e9 z\u00e1pasy a t\u00fdmov\u00e9 a ligov\u00e9 statistiky i notifikace)<\/strong><\/em><\/p>\n<p>&nbsp;<\/p>\n<p><a href=\"http:\/\/www.fckamenice.cz\/wp-content\/uploads\/2026\/04\/tymovka2026.jpg\"><img loading=\"lazy\" decoding=\"async\" class=\"alignleft size-full wp-image-1717\" src=\"http:\/\/www.fckamenice.cz\/wp-content\/uploads\/2026\/04\/tymovka2026.jpg\" alt=\"\" width=\"2000\" height=\"1333\" srcset=\"https:\/\/www.fckamenice.cz\/wp-content\/uploads\/2026\/04\/tymovka2026.jpg 2000w, https:\/\/www.fckamenice.cz\/wp-content\/uploads\/2026\/04\/tymovka2026-300x200.jpg 300w, https:\/\/www.fckamenice.cz\/wp-content\/uploads\/2026\/04\/tymovka2026-1024x682.jpg 1024w, https:\/\/www.fckamenice.cz\/wp-content\/uploads\/2026\/04\/tymovka2026-768x512.jpg 768w, https:\/\/www.fckamenice.cz\/wp-content\/uploads\/2026\/04\/tymovka2026-1536x1024.jpg 1536w\" sizes=\"auto, (max-width: 2000px) 100vw, 2000px\" \/><\/a><\/p>\n<p>&nbsp;<\/p>\n<p><b style=\"font-size: 1rem;\">\u00a0<\/b><\/p>\n<p>&nbsp;<\/p>\n<p>&nbsp;<\/p>\n","protected":false},"excerpt":{"rendered":"<p>T\u00fdm FC Kamenice d\u011bkuje v\u0161em fanou\u0161k\u016fm za podporu! FC Kamenice 2026\u00a0 \u00a0 \u00a0 \u00a0 \u00a0 \u00a0 \u00a0 \u00a0 \u00a0 \u00a0 \u00a0 \u00a0 \u00a0 \u00a0 \u00a0 \u00a0 \u00a0 \u00a0 \u00a0 \u00a0 \u00a0 \u00a0 \u00a0 \u00a0 &nbsp; &nbsp; NOV\u00c1 APLIKACE KLIKN\u011aTE NA \u010cERNOZELEN\u00dd OBD\u00c9LN\u00cd\u010cEK (NAHO\u0158E)\u00a0 !!! V\u011bt\u0161ina aktu\u00e1ln\u00edch informac\u00ed s p\u0159esnost\u00ed *1 minuty*, bude v t\u00e9to aplikaci [&hellip;]<\/p>\n","protected":false},"author":1,"featured_media":0,"parent":0,"menu_order":0,"comment_status":"closed","ping_status":"closed","template":"","meta":{"footnotes":""},"class_list":["post-16","page","type-page","status-publish","hentry"],"_links":{"self":[{"href":"https:\/\/www.fckamenice.cz\/index.php\/wp-json\/wp\/v2\/pages\/16","targetHints":{"allow":["GET"]}}],"collection":[{"href":"https:\/\/www.fckamenice.cz\/index.php\/wp-json\/wp\/v2\/pages"}],"about":[{"href":"https:\/\/www.fckamenice.cz\/index.php\/wp-json\/wp\/v2\/types\/page"}],"author":[{"embeddable":true,"href":"https:\/\/www.fckamenice.cz\/index.php\/wp-json\/wp\/v2\/users\/1"}],"replies":[{"embeddable":true,"href":"https:\/\/www.fckamenice.cz\/index.php\/wp-json\/wp\/v2\/comments?post=16"}],"version-history":[{"count":156,"href":"https:\/\/www.fckamenice.cz\/index.php\/wp-json\/wp\/v2\/pages\/16\/revisions"}],"predecessor-version":[{"id":1728,"href":"https:\/\/www.fckamenice.cz\/index.php\/wp-json\/wp\/v2\/pages\/16\/revisions\/1728"}],"wp:attachment":[{"href":"https:\/\/www.fckamenice.cz\/index.php\/wp-json\/wp\/v2\/media?parent=16"}],"curies":[{"name":"wp","href":"https:\/\/api.w.org\/{rel}","templated":true}]}}